{"id":543564,"date":"2024-11-08T13:39:15","date_gmt":"2024-11-08T12:39:15","guid":{"rendered":"https:\/\/tilefly.com\/producto\/colorful-lead-rect-30x90\/"},"modified":"2024-11-10T19:46:24","modified_gmt":"2024-11-10T18:46:24","slug":"colorful-lead-rect-30x90","status":"publish","type":"product","link":"https:\/\/tilefly.com\/de\/produkt\/colorful-lead-rect-30x90\/","title":{"rendered":"COLORFUL LEAD RECT 30X90"},"content":{"rendered":"<h2><strong>BUNTES BLEIREKT 30X90<\/strong><\/h2><p>Dieser matte graue Wandbelag strahlt Gelassenheit und Eleganz aus. Inspiriert von Neutralit\u00e4t und Modernit\u00e4t bietet er eine ideale Grundlage f\u00fcr jeden dekorativen Stil und erm\u00f6glicht es Ihnen, harmonische und anspruchsvolle R\u00e4ume zu schaffen. <\/p>","protected":false},"excerpt":{"rendered":"<p>BUNTES BLEIREKT 30X90Dieser matte graue Wandbelag strahlt Gelassenheit und Eleganz aus. Inspiriert von Neutralit\u00e4t und Modernit\u00e4t bietet er eine ideale Grundlage f\u00fcr jeden dekorativen Stil und erm\u00f6glicht es Ihnen, harmonische und anspruchsvolle R\u00e4ume zu schaffen.<\/p>\n","protected":false},"featured_media":540793,"comment_status":"open","ping_status":"closed","template":"","meta":[],"product_brand":[],"product_cat":[457,458,459],"product_tag":[],"class_list":{"0":"post-543564","1":"product","2":"type-product","3":"status-publish","4":"has-post-thumbnail","6":"product_cat-badezimmer","7":"product_cat-kuchen","8":"product_cat-wandfliesen","10":"first","11":"outofstock","12":"shipping-taxable","13":"purchasable","14":"product-type-simple"},"_links":{"self":[{"href":"https:\/\/tilefly.com\/de\/wp-json\/wp\/v2\/product\/543564","targetHints":{"allow":["GET"]}}],"collection":[{"href":"https:\/\/tilefly.com\/de\/wp-json\/wp\/v2\/product"}],"about":[{"href":"https:\/\/tilefly.com\/de\/wp-json\/wp\/v2\/types\/product"}],"replies":[{"embeddable":true,"href":"https:\/\/tilefly.com\/de\/wp-json\/wp\/v2\/comments?post=543564"}],"wp:featuredmedia":[{"embeddable":true,"href":"https:\/\/tilefly.com\/de\/wp-json\/wp\/v2\/media\/540793"}],"wp:attachment":[{"href":"https:\/\/tilefly.com\/de\/wp-json\/wp\/v2\/media?parent=543564"}],"wp:term":[{"taxonomy":"product_brand","embeddable":true,"href":"https:\/\/tilefly.com\/de\/wp-json\/wp\/v2\/product_brand?post=543564"},{"taxonomy":"product_cat","embeddable":true,"href":"https:\/\/tilefly.com\/de\/wp-json\/wp\/v2\/product_cat?post=543564"},{"taxonomy":"product_tag","embeddable":true,"href":"https:\/\/tilefly.com\/de\/wp-json\/wp\/v2\/product_tag?post=543564"}],"curies":[{"name":"wp","href":"https:\/\/api.w.org\/{rel}","templated":true}]}}