{"id":543560,"date":"2024-11-08T13:39:19","date_gmt":"2024-11-08T12:39:19","guid":{"rendered":"https:\/\/tilefly.com\/producto\/colorful-turquoise-rect-30x90\/"},"modified":"2024-11-10T19:46:20","modified_gmt":"2024-11-10T18:46:20","slug":"colorful-turquoise-rect-30x90","status":"publish","type":"product","link":"https:\/\/tilefly.com\/de\/produkt\/colorful-turquoise-rect-30x90\/","title":{"rendered":"COLORFUL TURQUOISE RECT 30X90"},"content":{"rendered":"<h2><strong>BUNT T\u00dcRKIS REKT 30X90<\/strong><\/h2><p>Mit seinem leuchtenden T\u00fcrkis f\u00e4ngt dieser Wandbelag die Frische und Lebendigkeit des Ozeans ein. Seine modernen T\u00f6ne und die matte Oberfl\u00e4che machen ihn zu einer idealen Wahl, um jedem Raum einen Hauch von Frische und Energie zu verleihen. <\/p>","protected":false},"excerpt":{"rendered":"<p>BUNT T\u00dcRKIS REKT 30X90Mit seinem leuchtenden T\u00fcrkis f\u00e4ngt dieser Wandbelag die Frische und Lebendigkeit des Ozeans ein. Seine modernen T\u00f6ne und die matte Oberfl\u00e4che machen ihn zu einer idealen Wahl, um jedem Raum einen Hauch von Frische und Energie zu verleihen.<\/p>\n","protected":false},"featured_media":540806,"comment_status":"open","ping_status":"closed","template":"","meta":[],"product_brand":[],"product_cat":[457,458,459],"product_tag":[],"class_list":{"0":"post-543560","1":"product","2":"type-product","3":"status-publish","4":"has-post-thumbnail","6":"product_cat-badezimmer","7":"product_cat-kuchen","8":"product_cat-wandfliesen","10":"first","11":"instock","12":"shipping-taxable","13":"purchasable","14":"product-type-simple"},"_links":{"self":[{"href":"https:\/\/tilefly.com\/de\/wp-json\/wp\/v2\/product\/543560","targetHints":{"allow":["GET"]}}],"collection":[{"href":"https:\/\/tilefly.com\/de\/wp-json\/wp\/v2\/product"}],"about":[{"href":"https:\/\/tilefly.com\/de\/wp-json\/wp\/v2\/types\/product"}],"replies":[{"embeddable":true,"href":"https:\/\/tilefly.com\/de\/wp-json\/wp\/v2\/comments?post=543560"}],"wp:featuredmedia":[{"embeddable":true,"href":"https:\/\/tilefly.com\/de\/wp-json\/wp\/v2\/media\/540806"}],"wp:attachment":[{"href":"https:\/\/tilefly.com\/de\/wp-json\/wp\/v2\/media?parent=543560"}],"wp:term":[{"taxonomy":"product_brand","embeddable":true,"href":"https:\/\/tilefly.com\/de\/wp-json\/wp\/v2\/product_brand?post=543560"},{"taxonomy":"product_cat","embeddable":true,"href":"https:\/\/tilefly.com\/de\/wp-json\/wp\/v2\/product_cat?post=543560"},{"taxonomy":"product_tag","embeddable":true,"href":"https:\/\/tilefly.com\/de\/wp-json\/wp\/v2\/product_tag?post=543560"}],"curies":[{"name":"wp","href":"https:\/\/api.w.org\/{rel}","templated":true}]}}