{"id":543558,"date":"2024-11-08T13:39:12","date_gmt":"2024-11-08T12:39:12","guid":{"rendered":"https:\/\/tilefly.com\/producto\/chevy-champagne-rect-30x90\/"},"modified":"2024-11-10T19:46:18","modified_gmt":"2024-11-10T18:46:18","slug":"chevy-champagne-rect-30x90","status":"publish","type":"product","link":"https:\/\/tilefly.com\/de\/produkt\/chevy-champagne-rect-30x90\/","title":{"rendered":"CHEVY CHAMPAGNE RECT 30X90"},"content":{"rendered":"<h2><strong>CHEVY CHAMPAGNER REKT 30X90<\/strong><\/h2><p>Mit seinem matten Beigeton strahlt dieser Wandbelag W\u00e4rme und Gelassenheit aus. Das Design ist ideal f\u00fcr gem\u00fctliche und elegante R\u00e4ume und vermittelt ein Gef\u00fchl von Ruhe und Komfort. <\/p>","protected":false},"excerpt":{"rendered":"<p>CHEVY CHAMPAGNER REKT 30X90Mit seinem matten Beigeton strahlt dieser Wandbelag W\u00e4rme und Gelassenheit aus. Das Design ist ideal f\u00fcr gem\u00fctliche und elegante R\u00e4ume und vermittelt ein Gef\u00fchl von Ruhe und Komfort.<\/p>\n","protected":false},"featured_media":540780,"comment_status":"open","ping_status":"closed","template":"","meta":[],"product_brand":[],"product_cat":[457,458,459],"product_tag":[],"class_list":{"0":"post-543558","1":"product","2":"type-product","3":"status-publish","4":"has-post-thumbnail","6":"product_cat-badezimmer","7":"product_cat-kuchen","8":"product_cat-wandfliesen","10":"first","11":"instock","12":"shipping-taxable","13":"purchasable","14":"product-type-simple"},"_links":{"self":[{"href":"https:\/\/tilefly.com\/de\/wp-json\/wp\/v2\/product\/543558","targetHints":{"allow":["GET"]}}],"collection":[{"href":"https:\/\/tilefly.com\/de\/wp-json\/wp\/v2\/product"}],"about":[{"href":"https:\/\/tilefly.com\/de\/wp-json\/wp\/v2\/types\/product"}],"replies":[{"embeddable":true,"href":"https:\/\/tilefly.com\/de\/wp-json\/wp\/v2\/comments?post=543558"}],"wp:featuredmedia":[{"embeddable":true,"href":"https:\/\/tilefly.com\/de\/wp-json\/wp\/v2\/media\/540780"}],"wp:attachment":[{"href":"https:\/\/tilefly.com\/de\/wp-json\/wp\/v2\/media?parent=543558"}],"wp:term":[{"taxonomy":"product_brand","embeddable":true,"href":"https:\/\/tilefly.com\/de\/wp-json\/wp\/v2\/product_brand?post=543558"},{"taxonomy":"product_cat","embeddable":true,"href":"https:\/\/tilefly.com\/de\/wp-json\/wp\/v2\/product_cat?post=543558"},{"taxonomy":"product_tag","embeddable":true,"href":"https:\/\/tilefly.com\/de\/wp-json\/wp\/v2\/product_tag?post=543558"}],"curies":[{"name":"wp","href":"https:\/\/api.w.org\/{rel}","templated":true}]}}