{"id":543556,"date":"2024-11-08T13:39:05","date_gmt":"2024-11-08T12:39:05","guid":{"rendered":"https:\/\/tilefly.com\/producto\/chevy-turquoise-rect-30x90\/"},"modified":"2024-11-10T19:46:15","modified_gmt":"2024-11-10T18:46:15","slug":"chevy-turquoise-rect-30x90","status":"publish","type":"product","link":"https:\/\/tilefly.com\/de\/produkt\/chevy-turquoise-rect-30x90\/","title":{"rendered":"CHEVY TURQUOISE RECT 30X90"},"content":{"rendered":"<h2><strong>CHEVY T\u00dcRKIS RECT 30X90<\/strong><\/h2><p>Mit seinem leuchtenden T\u00fcrkis und der matten Oberfl\u00e4che ist dieser Wandbelag eine erfrischende Option, um jedem Raum einen Hauch von Leben und Modernit\u00e4t zu verleihen, ideal f\u00fcr Umgebungen, die nach einem k\u00fchnen und frischen Stil suchen.<\/p>","protected":false},"excerpt":{"rendered":"<p>CHEVY T\u00dcRKIS RECT 30X90Mit seinem leuchtenden T\u00fcrkis und der matten Oberfl\u00e4che ist dieser Wandbelag eine erfrischende Option, um jedem Raum einen Hauch von Leben und Modernit\u00e4t zu verleihen, ideal f\u00fcr Umgebungen, die nach einem k\u00fchnen und frischen Stil suchen.<\/p>\n","protected":false},"featured_media":540754,"comment_status":"open","ping_status":"closed","template":"","meta":[],"product_brand":[],"product_cat":[457,458,459],"product_tag":[],"class_list":{"0":"post-543556","1":"product","2":"type-product","3":"status-publish","4":"has-post-thumbnail","6":"product_cat-badezimmer","7":"product_cat-kuchen","8":"product_cat-wandfliesen","10":"first","11":"instock","12":"shipping-taxable","13":"purchasable","14":"product-type-simple"},"_links":{"self":[{"href":"https:\/\/tilefly.com\/de\/wp-json\/wp\/v2\/product\/543556","targetHints":{"allow":["GET"]}}],"collection":[{"href":"https:\/\/tilefly.com\/de\/wp-json\/wp\/v2\/product"}],"about":[{"href":"https:\/\/tilefly.com\/de\/wp-json\/wp\/v2\/types\/product"}],"replies":[{"embeddable":true,"href":"https:\/\/tilefly.com\/de\/wp-json\/wp\/v2\/comments?post=543556"}],"wp:featuredmedia":[{"embeddable":true,"href":"https:\/\/tilefly.com\/de\/wp-json\/wp\/v2\/media\/540754"}],"wp:attachment":[{"href":"https:\/\/tilefly.com\/de\/wp-json\/wp\/v2\/media?parent=543556"}],"wp:term":[{"taxonomy":"product_brand","embeddable":true,"href":"https:\/\/tilefly.com\/de\/wp-json\/wp\/v2\/product_brand?post=543556"},{"taxonomy":"product_cat","embeddable":true,"href":"https:\/\/tilefly.com\/de\/wp-json\/wp\/v2\/product_cat?post=543556"},{"taxonomy":"product_tag","embeddable":true,"href":"https:\/\/tilefly.com\/de\/wp-json\/wp\/v2\/product_tag?post=543556"}],"curies":[{"name":"wp","href":"https:\/\/api.w.org\/{rel}","templated":true}]}}