{"id":543547,"date":"2024-11-07T03:20:08","date_gmt":"2024-11-07T02:20:08","guid":{"rendered":"https:\/\/tilefly.com\/producto\/picket-modern-forest-6x26\/"},"modified":"2024-11-10T19:45:58","modified_gmt":"2024-11-10T18:45:58","slug":"picket-modern-forest-6x26","status":"publish","type":"product","link":"https:\/\/tilefly.com\/de\/produkt\/picket-modern-forest-6x26\/","title":{"rendered":"PICKET MODERN FOREST 6X26"},"content":{"rendered":"<h2><strong>PICKET MODERN WALD 6X26<\/strong><\/h2><p>Das tiefgr\u00fcne Picket Modern Forest 6&#215;26 strahlt Frische und Modernit\u00e4t aus. Sein Design mit Stacheln und gl\u00e4nzender Oberfl\u00e4che erm\u00f6glicht es Ihnen, Muster zu kreieren, die perfekt passen und Dynamik und einen nat\u00fcrlichen Touch in jede Umgebung bringen. Ideal f\u00fcr Projekte, die nach Innovation und Stil suchen.  <\/p>","protected":false},"excerpt":{"rendered":"<p>PICKET MODERN WALD 6X26Das tiefgr\u00fcne Picket Modern Forest 6&#215;26 strahlt Frische und Modernit\u00e4t aus. Sein Design mit Stacheln und gl\u00e4nzender Oberfl\u00e4che erm\u00f6glicht es Ihnen, Muster zu kreieren, die perfekt passen und Dynamik und einen nat\u00fcrlichen Touch in jede Umgebung bringen. Ideal f\u00fcr Projekte, die nach Innovation und Stil suchen.<\/p>\n","protected":false},"featured_media":540639,"comment_status":"open","ping_status":"closed","template":"","meta":[],"product_brand":[],"product_cat":[457,458,456,459],"product_tag":[],"class_list":{"0":"post-543547","1":"product","2":"type-product","3":"status-publish","4":"has-post-thumbnail","6":"product_cat-badezimmer","7":"product_cat-kuchen","8":"product_cat-vohnzimmer","9":"product_cat-wandfliesen","11":"first","12":"instock","13":"shipping-taxable","14":"purchasable","15":"product-type-simple"},"_links":{"self":[{"href":"https:\/\/tilefly.com\/de\/wp-json\/wp\/v2\/product\/543547","targetHints":{"allow":["GET"]}}],"collection":[{"href":"https:\/\/tilefly.com\/de\/wp-json\/wp\/v2\/product"}],"about":[{"href":"https:\/\/tilefly.com\/de\/wp-json\/wp\/v2\/types\/product"}],"replies":[{"embeddable":true,"href":"https:\/\/tilefly.com\/de\/wp-json\/wp\/v2\/comments?post=543547"}],"wp:featuredmedia":[{"embeddable":true,"href":"https:\/\/tilefly.com\/de\/wp-json\/wp\/v2\/media\/540639"}],"wp:attachment":[{"href":"https:\/\/tilefly.com\/de\/wp-json\/wp\/v2\/media?parent=543547"}],"wp:term":[{"taxonomy":"product_brand","embeddable":true,"href":"https:\/\/tilefly.com\/de\/wp-json\/wp\/v2\/product_brand?post=543547"},{"taxonomy":"product_cat","embeddable":true,"href":"https:\/\/tilefly.com\/de\/wp-json\/wp\/v2\/product_cat?post=543547"},{"taxonomy":"product_tag","embeddable":true,"href":"https:\/\/tilefly.com\/de\/wp-json\/wp\/v2\/product_tag?post=543547"}],"curies":[{"name":"wp","href":"https:\/\/api.w.org\/{rel}","templated":true}]}}