{"id":543536,"date":"2024-11-07T03:20:02","date_gmt":"2024-11-07T02:20:02","guid":{"rendered":"https:\/\/tilefly.com\/producto\/picket-modern-rose-quartz-6x26\/"},"modified":"2024-11-10T19:45:38","modified_gmt":"2024-11-10T18:45:38","slug":"picket-modern-rose-quartz-6x26","status":"publish","type":"product","link":"https:\/\/tilefly.com\/de\/produkt\/picket-modern-rose-quartz-6x26\/","title":{"rendered":"PICKET MODERN ROSE QUARTZ 6X26"},"content":{"rendered":"<h2><strong>PICKET MODERN ROSENQUARZ 6X26<\/strong><\/h2><p>Der zartrosa Farbton von Picket Modern Rose Quartz 6&#215;26 verleiht ihm einen romantischen, modernen Touch. Das spitz zulaufende Design und die gl\u00e4nzende Oberfl\u00e4che sind ideal f\u00fcr ineinandergreifende Muster, die einen schicken, modernen Stil vermitteln. Perfekt f\u00fcr R\u00e4ume, die eine zarte, zeitgen\u00f6ssische \u00c4sthetik suchen.  <\/p>","protected":false},"excerpt":{"rendered":"<p>PICKET MODERN ROSENQUARZ 6X26Der zartrosa Farbton von Picket Modern Rose Quartz 6&#215;26 verleiht ihm einen romantischen, modernen Touch. Das spitz zulaufende Design und die gl\u00e4nzende Oberfl\u00e4che sind ideal f\u00fcr ineinandergreifende Muster, die einen schicken, modernen Stil vermitteln. Perfekt f\u00fcr R\u00e4ume, die eine zarte, zeitgen\u00f6ssische \u00c4sthetik suchen.<\/p>\n","protected":false},"featured_media":540613,"comment_status":"open","ping_status":"closed","template":"","meta":[],"product_brand":[],"product_cat":[457,458,456,459],"product_tag":[],"class_list":{"0":"post-543536","1":"product","2":"type-product","3":"status-publish","4":"has-post-thumbnail","6":"product_cat-badezimmer","7":"product_cat-kuchen","8":"product_cat-vohnzimmer","9":"product_cat-wandfliesen","11":"first","12":"instock","13":"shipping-taxable","14":"purchasable","15":"product-type-simple"},"_links":{"self":[{"href":"https:\/\/tilefly.com\/de\/wp-json\/wp\/v2\/product\/543536","targetHints":{"allow":["GET"]}}],"collection":[{"href":"https:\/\/tilefly.com\/de\/wp-json\/wp\/v2\/product"}],"about":[{"href":"https:\/\/tilefly.com\/de\/wp-json\/wp\/v2\/types\/product"}],"replies":[{"embeddable":true,"href":"https:\/\/tilefly.com\/de\/wp-json\/wp\/v2\/comments?post=543536"}],"wp:featuredmedia":[{"embeddable":true,"href":"https:\/\/tilefly.com\/de\/wp-json\/wp\/v2\/media\/540613"}],"wp:attachment":[{"href":"https:\/\/tilefly.com\/de\/wp-json\/wp\/v2\/media?parent=543536"}],"wp:term":[{"taxonomy":"product_brand","embeddable":true,"href":"https:\/\/tilefly.com\/de\/wp-json\/wp\/v2\/product_brand?post=543536"},{"taxonomy":"product_cat","embeddable":true,"href":"https:\/\/tilefly.com\/de\/wp-json\/wp\/v2\/product_cat?post=543536"},{"taxonomy":"product_tag","embeddable":true,"href":"https:\/\/tilefly.com\/de\/wp-json\/wp\/v2\/product_tag?post=543536"}],"curies":[{"name":"wp","href":"https:\/\/api.w.org\/{rel}","templated":true}]}}