{"id":543535,"date":"2024-11-07T03:19:56","date_gmt":"2024-11-07T02:19:56","guid":{"rendered":"https:\/\/tilefly.com\/producto\/picket-contemporary-obsidian-6x26\/"},"modified":"2024-11-10T19:45:37","modified_gmt":"2024-11-10T18:45:37","slug":"picket-contemporary-obsidian-6x26","status":"publish","type":"product","link":"https:\/\/tilefly.com\/de\/produkt\/picket-contemporary-obsidian-6x26\/","title":{"rendered":"PICKET CONTEMPORARY OBSIDIAN 6X26"},"content":{"rendered":"<h2><strong>PICKET CONTEMPORARY OBSIDIAN 6X26<\/strong><\/h2><p>Picket Contemporary Obsidian 6&#215;26, in einem dunklen Grauton, verleiht einen k\u00fchnen, modernen Stil. Das spitz zulaufende Design macht es einfach, einzigartige Muster zu kreieren, wenn Sie die St\u00fccke zusammenf\u00fcgen. Diese matte, rutschfeste Fliese ist perfekt f\u00fcr alle, die sich eine auff\u00e4llige, moderne \u00c4sthetik in jeder Umgebung w\u00fcnschen.  <\/p>","protected":false},"excerpt":{"rendered":"<p>PICKET CONTEMPORARY OBSIDIAN 6X26Picket Contemporary Obsidian 6&#215;26, in einem dunklen Grauton, verleiht einen k\u00fchnen, modernen Stil. Das spitz zulaufende Design macht es einfach, einzigartige Muster zu kreieren, wenn Sie die St\u00fccke zusammenf\u00fcgen. Diese matte, rutschfeste Fliese ist perfekt f\u00fcr alle, die sich eine auff\u00e4llige, moderne \u00c4sthetik in jeder Umgebung w\u00fcnschen.<\/p>\n","protected":false},"featured_media":540587,"comment_status":"open","ping_status":"closed","template":"","meta":[],"product_brand":[],"product_cat":[457,458,456,459],"product_tag":[],"class_list":{"0":"post-543535","1":"product","2":"type-product","3":"status-publish","4":"has-post-thumbnail","6":"product_cat-badezimmer","7":"product_cat-kuchen","8":"product_cat-vohnzimmer","9":"product_cat-wandfliesen","11":"first","12":"instock","13":"shipping-taxable","14":"purchasable","15":"product-type-simple"},"_links":{"self":[{"href":"https:\/\/tilefly.com\/de\/wp-json\/wp\/v2\/product\/543535","targetHints":{"allow":["GET"]}}],"collection":[{"href":"https:\/\/tilefly.com\/de\/wp-json\/wp\/v2\/product"}],"about":[{"href":"https:\/\/tilefly.com\/de\/wp-json\/wp\/v2\/types\/product"}],"replies":[{"embeddable":true,"href":"https:\/\/tilefly.com\/de\/wp-json\/wp\/v2\/comments?post=543535"}],"wp:featuredmedia":[{"embeddable":true,"href":"https:\/\/tilefly.com\/de\/wp-json\/wp\/v2\/media\/540587"}],"wp:attachment":[{"href":"https:\/\/tilefly.com\/de\/wp-json\/wp\/v2\/media?parent=543535"}],"wp:term":[{"taxonomy":"product_brand","embeddable":true,"href":"https:\/\/tilefly.com\/de\/wp-json\/wp\/v2\/product_brand?post=543535"},{"taxonomy":"product_cat","embeddable":true,"href":"https:\/\/tilefly.com\/de\/wp-json\/wp\/v2\/product_cat?post=543535"},{"taxonomy":"product_tag","embeddable":true,"href":"https:\/\/tilefly.com\/de\/wp-json\/wp\/v2\/product_tag?post=543535"}],"curies":[{"name":"wp","href":"https:\/\/api.w.org\/{rel}","templated":true}]}}