{"id":543503,"date":"2024-11-10T19:17:59","date_gmt":"2024-11-10T18:17:59","guid":{"rendered":"https:\/\/tilefly.com\/producto\/hexa-manacor-white-139x16\/"},"modified":"2024-11-10T19:44:41","modified_gmt":"2024-11-10T18:44:41","slug":"hexa-manacor-white-139x16","status":"publish","type":"product","link":"https:\/\/tilefly.com\/de\/produkt\/hexa-manacor-white-139x16\/","title":{"rendered":"HEXA MANACOR WHITE 13,9X16"},"content":{"rendered":"<h2><strong>HEXA MANACOR WEISS 13,9X16<\/strong><\/h2><p>Hexa Manacor White in mattem Wei\u00df ist eine helle und moderne Option, die Frische und Gro\u00dfz\u00fcgigkeit in jeden Raum bringt. Das sechseckige Format von 13,9&#215;16 cm und das dekorative Design bieten eine zeitgem\u00e4\u00dfe \u00c4sthetik, die sich perfekt f\u00fcr Badezimmer- und K\u00fcchenb\u00f6den eignet. Seine matte Oberfl\u00e4che l\u00e4sst sich leicht mit anderen Farbt\u00f6nen kombinieren und schafft eine ruhige und elegante Atmosph\u00e4re, die an handgefertigte Keramik erinnert.  <\/p>","protected":false},"excerpt":{"rendered":"<p>HEXA MANACOR WEISS 13,9X16Hexa Manacor White in mattem Wei\u00df ist eine helle und moderne Option, die Frische und Gro\u00dfz\u00fcgigkeit in jeden Raum bringt. Das sechseckige Format von 13,9&#215;16 cm und das dekorative Design bieten eine zeitgem\u00e4\u00dfe \u00c4sthetik, die sich perfekt f\u00fcr Badezimmer- und K\u00fcchenb\u00f6den eignet. Seine matte Oberfl\u00e4che l\u00e4sst sich leicht mit anderen Farbt\u00f6nen kombinieren [&hellip;]<\/p>\n","protected":false},"featured_media":543206,"comment_status":"open","ping_status":"closed","template":"","meta":[],"product_brand":[],"product_cat":[457,458,456,459],"product_tag":[],"class_list":{"0":"post-543503","1":"product","2":"type-product","3":"status-publish","4":"has-post-thumbnail","6":"product_cat-badezimmer","7":"product_cat-kuchen","8":"product_cat-vohnzimmer","9":"product_cat-wandfliesen","11":"first","12":"instock","13":"shipping-taxable","14":"purchasable","15":"product-type-simple"},"_links":{"self":[{"href":"https:\/\/tilefly.com\/de\/wp-json\/wp\/v2\/product\/543503","targetHints":{"allow":["GET"]}}],"collection":[{"href":"https:\/\/tilefly.com\/de\/wp-json\/wp\/v2\/product"}],"about":[{"href":"https:\/\/tilefly.com\/de\/wp-json\/wp\/v2\/types\/product"}],"replies":[{"embeddable":true,"href":"https:\/\/tilefly.com\/de\/wp-json\/wp\/v2\/comments?post=543503"}],"wp:featuredmedia":[{"embeddable":true,"href":"https:\/\/tilefly.com\/de\/wp-json\/wp\/v2\/media\/543206"}],"wp:attachment":[{"href":"https:\/\/tilefly.com\/de\/wp-json\/wp\/v2\/media?parent=543503"}],"wp:term":[{"taxonomy":"product_brand","embeddable":true,"href":"https:\/\/tilefly.com\/de\/wp-json\/wp\/v2\/product_brand?post=543503"},{"taxonomy":"product_cat","embeddable":true,"href":"https:\/\/tilefly.com\/de\/wp-json\/wp\/v2\/product_cat?post=543503"},{"taxonomy":"product_tag","embeddable":true,"href":"https:\/\/tilefly.com\/de\/wp-json\/wp\/v2\/product_tag?post=543503"}],"curies":[{"name":"wp","href":"https:\/\/api.w.org\/{rel}","templated":true}]}}