{"id":543500,"date":"2024-11-10T19:17:43","date_gmt":"2024-11-10T18:17:43","guid":{"rendered":"https:\/\/tilefly.com\/producto\/hexa-manacor-navy-139x16\/"},"modified":"2024-11-10T19:44:39","modified_gmt":"2024-11-10T18:44:39","slug":"hexa-manacor-navy-139x16","status":"publish","type":"product","link":"https:\/\/tilefly.com\/de\/produkt\/hexa-manacor-navy-139x16\/","title":{"rendered":"HEXA MANACOR NAVY 13,9X16"},"content":{"rendered":"<h2><strong>HEXA MANACOR NAVY 13,9X16<\/strong><\/h2><p>Die Fliese Hexa Manacor Navy in Marineblau und sechseckigem Format ist perfekt f\u00fcr alle, die sich einen Hauch von Eleganz und Tiefe w\u00fcnschen. Die matte Oberfl\u00e4che und das dezente Dekor machen diese 13,9&#215;16 cm gro\u00dfe Fliese zu einer raffinierten Wahl f\u00fcr Badezimmer- und K\u00fcchenb\u00f6den. Der marineblaue Farbton ist ideal, um Kontraste zu schaffen oder einen eleganten Hintergrund zu schaffen und verleiht jedem Raum Charakter.  <\/p>","protected":false},"excerpt":{"rendered":"<p>HEXA MANACOR NAVY 13,9X16Die Fliese Hexa Manacor Navy in Marineblau und sechseckigem Format ist perfekt f\u00fcr alle, die sich einen Hauch von Eleganz und Tiefe w\u00fcnschen. Die matte Oberfl\u00e4che und das dezente Dekor machen diese 13,9&#215;16 cm gro\u00dfe Fliese zu einer raffinierten Wahl f\u00fcr Badezimmer- und K\u00fcchenb\u00f6den. Der marineblaue Farbton ist ideal, um Kontraste zu [&hellip;]<\/p>\n","protected":false},"featured_media":543180,"comment_status":"open","ping_status":"closed","template":"","meta":[],"product_brand":[],"product_cat":[457,458,456,459],"product_tag":[],"class_list":{"0":"post-543500","1":"product","2":"type-product","3":"status-publish","4":"has-post-thumbnail","6":"product_cat-badezimmer","7":"product_cat-kuchen","8":"product_cat-vohnzimmer","9":"product_cat-wandfliesen","11":"first","12":"instock","13":"shipping-taxable","14":"purchasable","15":"product-type-simple"},"_links":{"self":[{"href":"https:\/\/tilefly.com\/de\/wp-json\/wp\/v2\/product\/543500","targetHints":{"allow":["GET"]}}],"collection":[{"href":"https:\/\/tilefly.com\/de\/wp-json\/wp\/v2\/product"}],"about":[{"href":"https:\/\/tilefly.com\/de\/wp-json\/wp\/v2\/types\/product"}],"replies":[{"embeddable":true,"href":"https:\/\/tilefly.com\/de\/wp-json\/wp\/v2\/comments?post=543500"}],"wp:featuredmedia":[{"embeddable":true,"href":"https:\/\/tilefly.com\/de\/wp-json\/wp\/v2\/media\/543180"}],"wp:attachment":[{"href":"https:\/\/tilefly.com\/de\/wp-json\/wp\/v2\/media?parent=543500"}],"wp:term":[{"taxonomy":"product_brand","embeddable":true,"href":"https:\/\/tilefly.com\/de\/wp-json\/wp\/v2\/product_brand?post=543500"},{"taxonomy":"product_cat","embeddable":true,"href":"https:\/\/tilefly.com\/de\/wp-json\/wp\/v2\/product_cat?post=543500"},{"taxonomy":"product_tag","embeddable":true,"href":"https:\/\/tilefly.com\/de\/wp-json\/wp\/v2\/product_tag?post=543500"}],"curies":[{"name":"wp","href":"https:\/\/api.w.org\/{rel}","templated":true}]}}