{"id":543495,"date":"2024-11-10T19:17:35","date_gmt":"2024-11-10T18:17:35","guid":{"rendered":"https:\/\/tilefly.com\/producto\/hexa-manacor-grey-139x16\/"},"modified":"2024-11-10T19:43:51","modified_gmt":"2024-11-10T18:43:51","slug":"hexa-manacor-grey-139x16","status":"publish","type":"product","link":"https:\/\/tilefly.com\/de\/produkt\/hexa-manacor-grey-139x16\/","title":{"rendered":"HEXA MANACOR GREY 13,9X16"},"content":{"rendered":"<h2><strong>HEXA MANACOR GRAU 13,9X16<\/strong><\/h2><p>Hexa Manacor Grey in einem matten Grauton ist eine vielseitige und elegante Option. Sein sechseckiges und verziertes Design in der Gr\u00f6\u00dfe 13,9&#215;16 cm erm\u00f6glicht es, eine moderne und neutrale Atmosph\u00e4re zu schaffen, ideal f\u00fcr B\u00f6den, die einen raffinierten Touch suchen. Die matte Oberfl\u00e4che l\u00e4sst sich leicht mit anderen Farbt\u00f6nen kombinieren und sorgt f\u00fcr einen harmonischen und modernen Stil.  <\/p>","protected":false},"excerpt":{"rendered":"<p>HEXA MANACOR GRAU 13,9X16Hexa Manacor Grey in einem matten Grauton ist eine vielseitige und elegante Option. Sein sechseckiges und verziertes Design in der Gr\u00f6\u00dfe 13,9&#215;16 cm erm\u00f6glicht es, eine moderne und neutrale Atmosph\u00e4re zu schaffen, ideal f\u00fcr B\u00f6den, die einen raffinierten Touch suchen. Die matte Oberfl\u00e4che l\u00e4sst sich leicht mit anderen Farbt\u00f6nen kombinieren und sorgt [&hellip;]<\/p>\n","protected":false},"featured_media":543167,"comment_status":"open","ping_status":"closed","template":"","meta":[],"product_brand":[],"product_cat":[457,458,456,459],"product_tag":[],"class_list":{"0":"post-543495","1":"product","2":"type-product","3":"status-publish","4":"has-post-thumbnail","6":"product_cat-badezimmer","7":"product_cat-kuchen","8":"product_cat-vohnzimmer","9":"product_cat-wandfliesen","11":"first","12":"instock","13":"shipping-taxable","14":"purchasable","15":"product-type-simple"},"_links":{"self":[{"href":"https:\/\/tilefly.com\/de\/wp-json\/wp\/v2\/product\/543495","targetHints":{"allow":["GET"]}}],"collection":[{"href":"https:\/\/tilefly.com\/de\/wp-json\/wp\/v2\/product"}],"about":[{"href":"https:\/\/tilefly.com\/de\/wp-json\/wp\/v2\/types\/product"}],"replies":[{"embeddable":true,"href":"https:\/\/tilefly.com\/de\/wp-json\/wp\/v2\/comments?post=543495"}],"wp:featuredmedia":[{"embeddable":true,"href":"https:\/\/tilefly.com\/de\/wp-json\/wp\/v2\/media\/543167"}],"wp:attachment":[{"href":"https:\/\/tilefly.com\/de\/wp-json\/wp\/v2\/media?parent=543495"}],"wp:term":[{"taxonomy":"product_brand","embeddable":true,"href":"https:\/\/tilefly.com\/de\/wp-json\/wp\/v2\/product_brand?post=543495"},{"taxonomy":"product_cat","embeddable":true,"href":"https:\/\/tilefly.com\/de\/wp-json\/wp\/v2\/product_cat?post=543495"},{"taxonomy":"product_tag","embeddable":true,"href":"https:\/\/tilefly.com\/de\/wp-json\/wp\/v2\/product_tag?post=543495"}],"curies":[{"name":"wp","href":"https:\/\/api.w.org\/{rel}","templated":true}]}}