{"id":543490,"date":"2024-11-10T19:17:13","date_gmt":"2024-11-10T18:17:13","guid":{"rendered":"https:\/\/tilefly.com\/producto\/hexa-manacor-acqua-139x16\/"},"modified":"2024-11-10T19:43:48","modified_gmt":"2024-11-10T18:43:48","slug":"hexa-manacor-acqua-139x16","status":"publish","type":"product","link":"https:\/\/tilefly.com\/de\/produkt\/hexa-manacor-acqua-139x16\/","title":{"rendered":"HEXA MANACOR ACQUA 13,9X16"},"content":{"rendered":"<h2><strong>HEXA MANACOR ACQUA 13,9X16<\/strong><\/h2><p>Hexa Manacor Acqua in Aquat\u00f6nen und sechseckigem Format von 13,9&#215;16 cm bringt Frische und Dynamik in R\u00e4ume. Die matte Oberfl\u00e4che und das dekorative Design fangen die Essenz der handgefertigten Keramik ein, w\u00e4hrend die sechseckige Form die Schaffung interessanter visueller Muster erm\u00f6glicht. Diese Fliese ist ideal f\u00fcr B\u00f6den in Bad und K\u00fcche und verleiht jedem Raum einen modernen und lebendigen Touch, der ihn in eine Umgebung voller Gelassenheit und Stil verwandelt.  <\/p>","protected":false},"excerpt":{"rendered":"<p>HEXA MANACOR ACQUA 13,9X16Hexa Manacor Acqua in Aquat\u00f6nen und sechseckigem Format von 13,9&#215;16 cm bringt Frische und Dynamik in R\u00e4ume. Die matte Oberfl\u00e4che und das dekorative Design fangen die Essenz der handgefertigten Keramik ein, w\u00e4hrend die sechseckige Form die Schaffung interessanter visueller Muster erm\u00f6glicht. Diese Fliese ist ideal f\u00fcr B\u00f6den in Bad und K\u00fcche und [&hellip;]<\/p>\n","protected":false},"featured_media":543128,"comment_status":"open","ping_status":"closed","template":"","meta":[],"product_brand":[],"product_cat":[457,458,456,459],"product_tag":[],"class_list":{"0":"post-543490","1":"product","2":"type-product","3":"status-publish","4":"has-post-thumbnail","6":"product_cat-badezimmer","7":"product_cat-kuchen","8":"product_cat-vohnzimmer","9":"product_cat-wandfliesen","11":"first","12":"instock","13":"shipping-taxable","14":"purchasable","15":"product-type-simple"},"_links":{"self":[{"href":"https:\/\/tilefly.com\/de\/wp-json\/wp\/v2\/product\/543490","targetHints":{"allow":["GET"]}}],"collection":[{"href":"https:\/\/tilefly.com\/de\/wp-json\/wp\/v2\/product"}],"about":[{"href":"https:\/\/tilefly.com\/de\/wp-json\/wp\/v2\/types\/product"}],"replies":[{"embeddable":true,"href":"https:\/\/tilefly.com\/de\/wp-json\/wp\/v2\/comments?post=543490"}],"wp:featuredmedia":[{"embeddable":true,"href":"https:\/\/tilefly.com\/de\/wp-json\/wp\/v2\/media\/543128"}],"wp:attachment":[{"href":"https:\/\/tilefly.com\/de\/wp-json\/wp\/v2\/media?parent=543490"}],"wp:term":[{"taxonomy":"product_brand","embeddable":true,"href":"https:\/\/tilefly.com\/de\/wp-json\/wp\/v2\/product_brand?post=543490"},{"taxonomy":"product_cat","embeddable":true,"href":"https:\/\/tilefly.com\/de\/wp-json\/wp\/v2\/product_cat?post=543490"},{"taxonomy":"product_tag","embeddable":true,"href":"https:\/\/tilefly.com\/de\/wp-json\/wp\/v2\/product_tag?post=543490"}],"curies":[{"name":"wp","href":"https:\/\/api.w.org\/{rel}","templated":true}]}}