{"id":543488,"date":"2024-11-10T19:17:03","date_gmt":"2024-11-10T18:17:03","guid":{"rendered":"https:\/\/tilefly.com\/producto\/petra-navy-118x118\/"},"modified":"2024-11-10T19:43:45","modified_gmt":"2024-11-10T18:43:45","slug":"petra-navy-118x118","status":"publish","type":"product","link":"https:\/\/tilefly.com\/de\/produkt\/petra-navy-118x118\/","title":{"rendered":"PETRA NAVY 11,8X11,8"},"content":{"rendered":"<h2><strong>PETRA NAVY 11,8X11,8<\/strong><\/h2><p>Petra Navy in gl\u00e4nzendem Marineblau ist eine Fliese, die Tiefe und Eleganz in jeden Raum bringt. Ihr verziertes Design und die Gr\u00f6\u00dfe von 11,8&#215;11,8 cm schaffen ein raffiniertes Ambiente, ideal f\u00fcr alle, die einen Hauch von Farbe w\u00fcnschen, ohne dabei auf N\u00fcchternheit zu verzichten. Perfekt f\u00fcr B\u00e4der und K\u00fcchen. Die gl\u00e4nzende Oberfl\u00e4che reflektiert das Licht auf subtile Weise und l\u00e4sst den Marine-Ton noch intensiver und fesselnder erscheinen.  <\/p>","protected":false},"excerpt":{"rendered":"<p>PETRA NAVY 11,8X11,8Petra Navy in gl\u00e4nzendem Marineblau ist eine Fliese, die Tiefe und Eleganz in jeden Raum bringt. Ihr verziertes Design und die Gr\u00f6\u00dfe von 11,8&#215;11,8 cm schaffen ein raffiniertes Ambiente, ideal f\u00fcr alle, die einen Hauch von Farbe w\u00fcnschen, ohne dabei auf N\u00fcchternheit zu verzichten. Perfekt f\u00fcr B\u00e4der und K\u00fcchen. Die gl\u00e4nzende Oberfl\u00e4che reflektiert [&hellip;]<\/p>\n","protected":false},"featured_media":543102,"comment_status":"open","ping_status":"closed","template":"","meta":[],"product_brand":[],"product_cat":[457,458,459],"product_tag":[],"class_list":{"0":"post-543488","1":"product","2":"type-product","3":"status-publish","4":"has-post-thumbnail","6":"product_cat-badezimmer","7":"product_cat-kuchen","8":"product_cat-wandfliesen","10":"first","11":"instock","12":"shipping-taxable","13":"purchasable","14":"product-type-simple"},"_links":{"self":[{"href":"https:\/\/tilefly.com\/de\/wp-json\/wp\/v2\/product\/543488","targetHints":{"allow":["GET"]}}],"collection":[{"href":"https:\/\/tilefly.com\/de\/wp-json\/wp\/v2\/product"}],"about":[{"href":"https:\/\/tilefly.com\/de\/wp-json\/wp\/v2\/types\/product"}],"replies":[{"embeddable":true,"href":"https:\/\/tilefly.com\/de\/wp-json\/wp\/v2\/comments?post=543488"}],"wp:featuredmedia":[{"embeddable":true,"href":"https:\/\/tilefly.com\/de\/wp-json\/wp\/v2\/media\/543102"}],"wp:attachment":[{"href":"https:\/\/tilefly.com\/de\/wp-json\/wp\/v2\/media?parent=543488"}],"wp:term":[{"taxonomy":"product_brand","embeddable":true,"href":"https:\/\/tilefly.com\/de\/wp-json\/wp\/v2\/product_brand?post=543488"},{"taxonomy":"product_cat","embeddable":true,"href":"https:\/\/tilefly.com\/de\/wp-json\/wp\/v2\/product_cat?post=543488"},{"taxonomy":"product_tag","embeddable":true,"href":"https:\/\/tilefly.com\/de\/wp-json\/wp\/v2\/product_tag?post=543488"}],"curies":[{"name":"wp","href":"https:\/\/api.w.org\/{rel}","templated":true}]}}