{"id":543484,"date":"2024-11-10T19:17:07","date_gmt":"2024-11-10T18:17:07","guid":{"rendered":"https:\/\/tilefly.com\/producto\/petra-night-118x118\/"},"modified":"2024-11-10T19:43:43","modified_gmt":"2024-11-10T18:43:43","slug":"petra-night-118x118","status":"publish","type":"product","link":"https:\/\/tilefly.com\/de\/produkt\/petra-night-118x118\/","title":{"rendered":"PETRA NIGHT 11,8X11,8"},"content":{"rendered":"<h2><strong>PETRA NACHT 11,8X11,8<\/strong><\/h2><p>Die Fliese Petra Night in gl\u00e4nzendem Schwarz ist eine k\u00fchne und raffinierte Option f\u00fcr alle, die sich einen modernen, charaktervollen Stil w\u00fcnschen. Ihr subtiles Dekor und die Gr\u00f6\u00dfe von 11,8&#215;11,8 cm machen diese Fliese zu einer ausgezeichneten Wahl f\u00fcr B\u00e4der und K\u00fcchen, die einen starken und eleganten Kontrast suchen. Die gl\u00e4nzende Oberfl\u00e4che hebt die Tiefe der schwarzen Farbe hervor und schafft ein elegantes und modernes Ambiente.  <\/p>","protected":false},"excerpt":{"rendered":"<p>PETRA NACHT 11,8X11,8Die Fliese Petra Night in gl\u00e4nzendem Schwarz ist eine k\u00fchne und raffinierte Option f\u00fcr alle, die sich einen modernen, charaktervollen Stil w\u00fcnschen. Ihr subtiles Dekor und die Gr\u00f6\u00dfe von 11,8&#215;11,8 cm machen diese Fliese zu einer ausgezeichneten Wahl f\u00fcr B\u00e4der und K\u00fcchen, die einen starken und eleganten Kontrast suchen. Die gl\u00e4nzende Oberfl\u00e4che hebt [&hellip;]<\/p>\n","protected":false},"featured_media":543115,"comment_status":"open","ping_status":"closed","template":"","meta":[],"product_brand":[],"product_cat":[457,458,459],"product_tag":[],"class_list":{"0":"post-543484","1":"product","2":"type-product","3":"status-publish","4":"has-post-thumbnail","6":"product_cat-badezimmer","7":"product_cat-kuchen","8":"product_cat-wandfliesen","10":"first","11":"instock","12":"shipping-taxable","13":"purchasable","14":"product-type-simple"},"_links":{"self":[{"href":"https:\/\/tilefly.com\/de\/wp-json\/wp\/v2\/product\/543484","targetHints":{"allow":["GET"]}}],"collection":[{"href":"https:\/\/tilefly.com\/de\/wp-json\/wp\/v2\/product"}],"about":[{"href":"https:\/\/tilefly.com\/de\/wp-json\/wp\/v2\/types\/product"}],"replies":[{"embeddable":true,"href":"https:\/\/tilefly.com\/de\/wp-json\/wp\/v2\/comments?post=543484"}],"wp:featuredmedia":[{"embeddable":true,"href":"https:\/\/tilefly.com\/de\/wp-json\/wp\/v2\/media\/543115"}],"wp:attachment":[{"href":"https:\/\/tilefly.com\/de\/wp-json\/wp\/v2\/media?parent=543484"}],"wp:term":[{"taxonomy":"product_brand","embeddable":true,"href":"https:\/\/tilefly.com\/de\/wp-json\/wp\/v2\/product_brand?post=543484"},{"taxonomy":"product_cat","embeddable":true,"href":"https:\/\/tilefly.com\/de\/wp-json\/wp\/v2\/product_cat?post=543484"},{"taxonomy":"product_tag","embeddable":true,"href":"https:\/\/tilefly.com\/de\/wp-json\/wp\/v2\/product_tag?post=543484"}],"curies":[{"name":"wp","href":"https:\/\/api.w.org\/{rel}","templated":true}]}}