{"id":543482,"date":"2024-11-10T19:16:59","date_gmt":"2024-11-10T18:16:59","guid":{"rendered":"https:\/\/tilefly.com\/producto\/petra-grey-118x118\/"},"modified":"2024-11-10T19:43:41","modified_gmt":"2024-11-10T18:43:41","slug":"petra-grey-118x118","status":"publish","type":"product","link":"https:\/\/tilefly.com\/de\/produkt\/petra-grey-118x118\/","title":{"rendered":"PETRA GREY 11,8X11,8"},"content":{"rendered":"<h2><strong>PETRA GRAU 11,8X11,8<\/strong><\/h2><p>Petra Grey in einem sanften Grauton ist eine vielseitige und elegante Wahl. Das gl\u00e4nzende Finish hebt die dekorierte Oberfl\u00e4che hervor und verleiht ihr Tiefe und Raffinesse. Diese 11,8&#215;11,8 cm gro\u00dfe Fliese ist ideal f\u00fcr B\u00e4der und K\u00fcchen und bietet eine harmonische \u00c4sthetik, die sich leicht mit anderen dekorativen Elementen kombinieren l\u00e4sst.  <\/p>","protected":false},"excerpt":{"rendered":"<p>PETRA GRAU 11,8X11,8Petra Grey in einem sanften Grauton ist eine vielseitige und elegante Wahl. Das gl\u00e4nzende Finish hebt die dekorierte Oberfl\u00e4che hervor und verleiht ihr Tiefe und Raffinesse. Diese 11,8&#215;11,8 cm gro\u00dfe Fliese ist ideal f\u00fcr B\u00e4der und K\u00fcchen und bietet eine harmonische \u00c4sthetik, die sich leicht mit anderen dekorativen Elementen kombinieren l\u00e4sst.<\/p>\n","protected":false},"featured_media":543089,"comment_status":"open","ping_status":"closed","template":"","meta":[],"product_brand":[],"product_cat":[457,458,459],"product_tag":[],"class_list":{"0":"post-543482","1":"product","2":"type-product","3":"status-publish","4":"has-post-thumbnail","6":"product_cat-badezimmer","7":"product_cat-kuchen","8":"product_cat-wandfliesen","10":"first","11":"instock","12":"shipping-taxable","13":"purchasable","14":"product-type-simple"},"_links":{"self":[{"href":"https:\/\/tilefly.com\/de\/wp-json\/wp\/v2\/product\/543482","targetHints":{"allow":["GET"]}}],"collection":[{"href":"https:\/\/tilefly.com\/de\/wp-json\/wp\/v2\/product"}],"about":[{"href":"https:\/\/tilefly.com\/de\/wp-json\/wp\/v2\/types\/product"}],"replies":[{"embeddable":true,"href":"https:\/\/tilefly.com\/de\/wp-json\/wp\/v2\/comments?post=543482"}],"wp:featuredmedia":[{"embeddable":true,"href":"https:\/\/tilefly.com\/de\/wp-json\/wp\/v2\/media\/543089"}],"wp:attachment":[{"href":"https:\/\/tilefly.com\/de\/wp-json\/wp\/v2\/media?parent=543482"}],"wp:term":[{"taxonomy":"product_brand","embeddable":true,"href":"https:\/\/tilefly.com\/de\/wp-json\/wp\/v2\/product_brand?post=543482"},{"taxonomy":"product_cat","embeddable":true,"href":"https:\/\/tilefly.com\/de\/wp-json\/wp\/v2\/product_cat?post=543482"},{"taxonomy":"product_tag","embeddable":true,"href":"https:\/\/tilefly.com\/de\/wp-json\/wp\/v2\/product_tag?post=543482"}],"curies":[{"name":"wp","href":"https:\/\/api.w.org\/{rel}","templated":true}]}}