{"id":543476,"date":"2024-11-10T19:16:56","date_gmt":"2024-11-10T18:16:56","guid":{"rendered":"https:\/\/tilefly.com\/producto\/petra-green-118x118\/"},"modified":"2024-11-10T19:43:36","modified_gmt":"2024-11-10T18:43:36","slug":"petra-green-118x118","status":"publish","type":"product","link":"https:\/\/tilefly.com\/de\/produkt\/petra-green-118x118\/","title":{"rendered":"PETRA GREEN 11,8X11,8"},"content":{"rendered":"<h2><strong>PETRA GR\u00dcN 11,8X11,8<\/strong><\/h2><p>Petra Green ist ein eleganter Gr\u00fcnton, ideal f\u00fcr alle, die die Frische der Natur in ihre Einrichtung integrieren m\u00f6chten. Die gl\u00e4nzende Oberfl\u00e4che und das dekorative Design sorgen f\u00fcr eine subtile und raffinierte \u00c4sthetik, perfekt f\u00fcr B\u00e4der, K\u00fcchen oder R\u00e4ume, die einen modernen Stil mit einem nat\u00fcrlichen Touch suchen. Mit dieser 11,8&#215;11,8 cm gro\u00dfen Fliese k\u00f6nnen Sie Muster und Kombinationen kreieren, die jeder Umgebung Dynamik und Stil verleihen.  <\/p>","protected":false},"excerpt":{"rendered":"<p>PETRA GR\u00dcN 11,8X11,8Petra Green ist ein eleganter Gr\u00fcnton, ideal f\u00fcr alle, die die Frische der Natur in ihre Einrichtung integrieren m\u00f6chten. Die gl\u00e4nzende Oberfl\u00e4che und das dekorative Design sorgen f\u00fcr eine subtile und raffinierte \u00c4sthetik, perfekt f\u00fcr B\u00e4der, K\u00fcchen oder R\u00e4ume, die einen modernen Stil mit einem nat\u00fcrlichen Touch suchen. Mit dieser 11,8&#215;11,8 cm gro\u00dfen [&hellip;]<\/p>\n","protected":false},"featured_media":543076,"comment_status":"open","ping_status":"closed","template":"","meta":[],"product_brand":[],"product_cat":[457,458,459],"product_tag":[],"class_list":{"0":"post-543476","1":"product","2":"type-product","3":"status-publish","4":"has-post-thumbnail","6":"product_cat-badezimmer","7":"product_cat-kuchen","8":"product_cat-wandfliesen","10":"first","11":"instock","12":"shipping-taxable","13":"purchasable","14":"product-type-simple"},"_links":{"self":[{"href":"https:\/\/tilefly.com\/de\/wp-json\/wp\/v2\/product\/543476","targetHints":{"allow":["GET"]}}],"collection":[{"href":"https:\/\/tilefly.com\/de\/wp-json\/wp\/v2\/product"}],"about":[{"href":"https:\/\/tilefly.com\/de\/wp-json\/wp\/v2\/types\/product"}],"replies":[{"embeddable":true,"href":"https:\/\/tilefly.com\/de\/wp-json\/wp\/v2\/comments?post=543476"}],"wp:featuredmedia":[{"embeddable":true,"href":"https:\/\/tilefly.com\/de\/wp-json\/wp\/v2\/media\/543076"}],"wp:attachment":[{"href":"https:\/\/tilefly.com\/de\/wp-json\/wp\/v2\/media?parent=543476"}],"wp:term":[{"taxonomy":"product_brand","embeddable":true,"href":"https:\/\/tilefly.com\/de\/wp-json\/wp\/v2\/product_brand?post=543476"},{"taxonomy":"product_cat","embeddable":true,"href":"https:\/\/tilefly.com\/de\/wp-json\/wp\/v2\/product_cat?post=543476"},{"taxonomy":"product_tag","embeddable":true,"href":"https:\/\/tilefly.com\/de\/wp-json\/wp\/v2\/product_tag?post=543476"}],"curies":[{"name":"wp","href":"https:\/\/api.w.org\/{rel}","templated":true}]}}