{"id":543474,"date":"2024-11-10T19:16:48","date_gmt":"2024-11-10T18:16:48","guid":{"rendered":"https:\/\/tilefly.com\/producto\/petra-acqua-118x118\/"},"modified":"2024-11-10T19:43:35","modified_gmt":"2024-11-10T18:43:35","slug":"petra-acqua-118x118","status":"publish","type":"product","link":"https:\/\/tilefly.com\/de\/produkt\/petra-acqua-118x118\/","title":{"rendered":"PETRA ACQUA 11,8X11,8"},"content":{"rendered":"<h2><strong>PETRA ACQUA 11,8X11,8<\/strong><\/h2><p>Petra Acqua in einem Aquaton verleiht jeder Umgebung einen erfrischenden und modernen Touch. Die gl\u00e4nzende Oberfl\u00e4che und das subtile Dekor fangen die Essenz der handgefertigten Keramik ein und sorgen f\u00fcr Leuchtkraft und eine sanfte Farbe, die Ruhe und Eleganz ausstrahlt. Mit seiner Gr\u00f6\u00dfe von 11,8&#215;11,8 cm ist er ideal f\u00fcr B\u00e4der und K\u00fcchen, die eine ruhige und stilvolle Atmosph\u00e4re schaffen wollen. Er l\u00e4sst sich perfekt mit anderen Farbt\u00f6nen der Serie kombinieren und erm\u00f6glicht es Ihnen, einzigartige und harmonische visuelle Muster zu schaffen.   <\/p>","protected":false},"excerpt":{"rendered":"<p>PETRA ACQUA 11,8X11,8Petra Acqua in einem Aquaton verleiht jeder Umgebung einen erfrischenden und modernen Touch. Die gl\u00e4nzende Oberfl\u00e4che und das subtile Dekor fangen die Essenz der handgefertigten Keramik ein und sorgen f\u00fcr Leuchtkraft und eine sanfte Farbe, die Ruhe und Eleganz ausstrahlt. Mit seiner Gr\u00f6\u00dfe von 11,8&#215;11,8 cm ist er ideal f\u00fcr B\u00e4der und K\u00fcchen, [&hellip;]<\/p>\n","protected":false},"featured_media":543050,"comment_status":"open","ping_status":"closed","template":"","meta":[],"product_brand":[],"product_cat":[457,458,459],"product_tag":[],"class_list":{"0":"post-543474","1":"product","2":"type-product","3":"status-publish","4":"has-post-thumbnail","6":"product_cat-badezimmer","7":"product_cat-kuchen","8":"product_cat-wandfliesen","10":"first","11":"instock","12":"shipping-taxable","13":"purchasable","14":"product-type-simple"},"_links":{"self":[{"href":"https:\/\/tilefly.com\/de\/wp-json\/wp\/v2\/product\/543474","targetHints":{"allow":["GET"]}}],"collection":[{"href":"https:\/\/tilefly.com\/de\/wp-json\/wp\/v2\/product"}],"about":[{"href":"https:\/\/tilefly.com\/de\/wp-json\/wp\/v2\/types\/product"}],"replies":[{"embeddable":true,"href":"https:\/\/tilefly.com\/de\/wp-json\/wp\/v2\/comments?post=543474"}],"wp:featuredmedia":[{"embeddable":true,"href":"https:\/\/tilefly.com\/de\/wp-json\/wp\/v2\/media\/543050"}],"wp:attachment":[{"href":"https:\/\/tilefly.com\/de\/wp-json\/wp\/v2\/media?parent=543474"}],"wp:term":[{"taxonomy":"product_brand","embeddable":true,"href":"https:\/\/tilefly.com\/de\/wp-json\/wp\/v2\/product_brand?post=543474"},{"taxonomy":"product_cat","embeddable":true,"href":"https:\/\/tilefly.com\/de\/wp-json\/wp\/v2\/product_cat?post=543474"},{"taxonomy":"product_tag","embeddable":true,"href":"https:\/\/tilefly.com\/de\/wp-json\/wp\/v2\/product_tag?post=543474"}],"curies":[{"name":"wp","href":"https:\/\/api.w.org\/{rel}","templated":true}]}}