{"id":543470,"date":"2024-11-10T19:16:53","date_gmt":"2024-11-10T18:16:53","guid":{"rendered":"https:\/\/tilefly.com\/producto\/petra-blue-118x118\/"},"modified":"2024-11-10T19:43:33","modified_gmt":"2024-11-10T18:43:33","slug":"petra-blue-118x118","status":"publish","type":"product","link":"https:\/\/tilefly.com\/de\/produkt\/petra-blue-118x118\/","title":{"rendered":"PETRA BLUE 11,8X11,8"},"content":{"rendered":"<h2><strong>PETRA BLAU 11,8X11,8<\/strong><\/h2><p>Die Fliese Petra Blue in einem kr\u00e4ftigen Blauton ist ideal, um R\u00e4umen einen Hauch von Farbe und Pers\u00f6nlichkeit zu verleihen. Ihr gl\u00e4nzendes Finish und die dekorierte Oberfl\u00e4che sorgen f\u00fcr eine visuelle Textur, die sowohl zu modernen als auch zu traditionellen Stilen passt. Mit ihrer kompakten Gr\u00f6\u00dfe von 11,8&#215;11,8 cm ist sie ideal f\u00fcr B\u00e4der und K\u00fcchen, die eine Dekoration mit einem Hauch von Vitalit\u00e4t und Frische suchen, und erm\u00f6glicht interessante Kombinationen mit anderen Farbt\u00f6nen der Serie Petra.  <\/p>","protected":false},"excerpt":{"rendered":"<p>PETRA BLAU 11,8X11,8Die Fliese Petra Blue in einem kr\u00e4ftigen Blauton ist ideal, um R\u00e4umen einen Hauch von Farbe und Pers\u00f6nlichkeit zu verleihen. Ihr gl\u00e4nzendes Finish und die dekorierte Oberfl\u00e4che sorgen f\u00fcr eine visuelle Textur, die sowohl zu modernen als auch zu traditionellen Stilen passt. Mit ihrer kompakten Gr\u00f6\u00dfe von 11,8&#215;11,8 cm ist sie ideal f\u00fcr [&hellip;]<\/p>\n","protected":false},"featured_media":543063,"comment_status":"open","ping_status":"closed","template":"","meta":[],"product_brand":[],"product_cat":[457,458,459],"product_tag":[],"class_list":{"0":"post-543470","1":"product","2":"type-product","3":"status-publish","4":"has-post-thumbnail","6":"product_cat-badezimmer","7":"product_cat-kuchen","8":"product_cat-wandfliesen","10":"first","11":"instock","12":"shipping-taxable","13":"purchasable","14":"product-type-simple"},"_links":{"self":[{"href":"https:\/\/tilefly.com\/de\/wp-json\/wp\/v2\/product\/543470","targetHints":{"allow":["GET"]}}],"collection":[{"href":"https:\/\/tilefly.com\/de\/wp-json\/wp\/v2\/product"}],"about":[{"href":"https:\/\/tilefly.com\/de\/wp-json\/wp\/v2\/types\/product"}],"replies":[{"embeddable":true,"href":"https:\/\/tilefly.com\/de\/wp-json\/wp\/v2\/comments?post=543470"}],"wp:featuredmedia":[{"embeddable":true,"href":"https:\/\/tilefly.com\/de\/wp-json\/wp\/v2\/media\/543063"}],"wp:attachment":[{"href":"https:\/\/tilefly.com\/de\/wp-json\/wp\/v2\/media?parent=543470"}],"wp:term":[{"taxonomy":"product_brand","embeddable":true,"href":"https:\/\/tilefly.com\/de\/wp-json\/wp\/v2\/product_brand?post=543470"},{"taxonomy":"product_cat","embeddable":true,"href":"https:\/\/tilefly.com\/de\/wp-json\/wp\/v2\/product_cat?post=543470"},{"taxonomy":"product_tag","embeddable":true,"href":"https:\/\/tilefly.com\/de\/wp-json\/wp\/v2\/product_tag?post=543470"}],"curies":[{"name":"wp","href":"https:\/\/api.w.org\/{rel}","templated":true}]}}