{"id":543469,"date":"2024-11-10T19:16:45","date_gmt":"2024-11-10T18:16:45","guid":{"rendered":"https:\/\/tilefly.com\/producto\/petra-white-118x118\/"},"modified":"2024-11-10T19:43:30","modified_gmt":"2024-11-10T18:43:30","slug":"petra-white-118x118","status":"publish","type":"product","link":"https:\/\/tilefly.com\/de\/produkt\/petra-white-118x118\/","title":{"rendered":"PETRA WHITE 11,8X11,8"},"content":{"rendered":"<h2><strong>PETRA WEISS 11,8X11,8<\/strong><\/h2><p>Die Fliese Petra White zeichnet sich durch ihre Reinheit und Schlichtheit in einem hellen Wei\u00dfton aus, ideal, um eine leuchtende und anspruchsvolle Atmosph\u00e4re zu schaffen. Mit einer Gr\u00f6\u00dfe von 11,8&#215;11,8 cm bietet das dekorative Design eine subtile Textur, die an traditionelle Keramik erinnert, w\u00e4hrend die gl\u00e4nzende Oberfl\u00e4che das Licht reflektiert und das Gef\u00fchl von Gro\u00dfz\u00fcgigkeit verst\u00e4rkt. Diese Fliese eignet sich perfekt f\u00fcr B\u00e4der, K\u00fcchen oder alle R\u00e4ume, die einen neutralen und eleganten Hintergrund suchen. Sie passt sich verschiedenen Dekorationsstilen an und vermittelt ein Gef\u00fchl von Gelassenheit und Frische.  <\/p>","protected":false},"excerpt":{"rendered":"<p>PETRA WEISS 11,8X11,8Die Fliese Petra White zeichnet sich durch ihre Reinheit und Schlichtheit in einem hellen Wei\u00dfton aus, ideal, um eine leuchtende und anspruchsvolle Atmosph\u00e4re zu schaffen. Mit einer Gr\u00f6\u00dfe von 11,8&#215;11,8 cm bietet das dekorative Design eine subtile Textur, die an traditionelle Keramik erinnert, w\u00e4hrend die gl\u00e4nzende Oberfl\u00e4che das Licht reflektiert und das Gef\u00fchl [&hellip;]<\/p>\n","protected":false},"featured_media":543037,"comment_status":"open","ping_status":"closed","template":"","meta":[],"product_brand":[],"product_cat":[457,458,459],"product_tag":[],"class_list":{"0":"post-543469","1":"product","2":"type-product","3":"status-publish","4":"has-post-thumbnail","6":"product_cat-badezimmer","7":"product_cat-kuchen","8":"product_cat-wandfliesen","10":"first","11":"instock","12":"shipping-taxable","13":"purchasable","14":"product-type-simple"},"_links":{"self":[{"href":"https:\/\/tilefly.com\/de\/wp-json\/wp\/v2\/product\/543469","targetHints":{"allow":["GET"]}}],"collection":[{"href":"https:\/\/tilefly.com\/de\/wp-json\/wp\/v2\/product"}],"about":[{"href":"https:\/\/tilefly.com\/de\/wp-json\/wp\/v2\/types\/product"}],"replies":[{"embeddable":true,"href":"https:\/\/tilefly.com\/de\/wp-json\/wp\/v2\/comments?post=543469"}],"wp:featuredmedia":[{"embeddable":true,"href":"https:\/\/tilefly.com\/de\/wp-json\/wp\/v2\/media\/543037"}],"wp:attachment":[{"href":"https:\/\/tilefly.com\/de\/wp-json\/wp\/v2\/media?parent=543469"}],"wp:term":[{"taxonomy":"product_brand","embeddable":true,"href":"https:\/\/tilefly.com\/de\/wp-json\/wp\/v2\/product_brand?post=543469"},{"taxonomy":"product_cat","embeddable":true,"href":"https:\/\/tilefly.com\/de\/wp-json\/wp\/v2\/product_cat?post=543469"},{"taxonomy":"product_tag","embeddable":true,"href":"https:\/\/tilefly.com\/de\/wp-json\/wp\/v2\/product_tag?post=543469"}],"curies":[{"name":"wp","href":"https:\/\/api.w.org\/{rel}","templated":true}]}}