{"id":543463,"date":"2024-11-10T19:16:42","date_gmt":"2024-11-10T18:16:42","guid":{"rendered":"https:\/\/tilefly.com\/producto\/drach-green-118x118\/"},"modified":"2024-11-10T19:43:26","modified_gmt":"2024-11-10T18:43:26","slug":"drach-green-118x118","status":"publish","type":"product","link":"https:\/\/tilefly.com\/de\/produkt\/drach-green-118x118\/","title":{"rendered":"DRACH GREEN 11,8X11,8"},"content":{"rendered":"<h2><strong>DRACHME GR\u00dcN 11,8X11,8<\/strong><\/h2><p>Die Fliese Drach Green zeichnet sich durch einen leuchtenden Gr\u00fcnton mit einem kreisf\u00f6rmigen Pr\u00e4gemuster aus, das Textur und Tiefe verleiht. Die gl\u00e4nzende Oberfl\u00e4che hebt die Farbe und die Form hervor und schafft einen einzigartigen visuellen Effekt. Ideal f\u00fcr B\u00e4der, K\u00fcchen und andere R\u00e4ume, die einen Hauch von Natur suchen. Die Gr\u00f6\u00dfe von 11,8&#215;11,8 cm erm\u00f6glicht dynamische und raffinierte Muster, die Frische und Stil bringen.  <\/p>","protected":false},"excerpt":{"rendered":"<p>DRACHME GR\u00dcN 11,8X11,8Die Fliese Drach Green zeichnet sich durch einen leuchtenden Gr\u00fcnton mit einem kreisf\u00f6rmigen Pr\u00e4gemuster aus, das Textur und Tiefe verleiht. Die gl\u00e4nzende Oberfl\u00e4che hebt die Farbe und die Form hervor und schafft einen einzigartigen visuellen Effekt. Ideal f\u00fcr B\u00e4der, K\u00fcchen und andere R\u00e4ume, die einen Hauch von Natur suchen. Die Gr\u00f6\u00dfe von 11,8&#215;11,8 [&hellip;]<\/p>\n","protected":false},"featured_media":543024,"comment_status":"open","ping_status":"closed","template":"","meta":[],"product_brand":[],"product_cat":[457,458,459],"product_tag":[],"class_list":{"0":"post-543463","1":"product","2":"type-product","3":"status-publish","4":"has-post-thumbnail","6":"product_cat-badezimmer","7":"product_cat-kuchen","8":"product_cat-wandfliesen","10":"first","11":"outofstock","12":"shipping-taxable","13":"purchasable","14":"product-type-simple"},"_links":{"self":[{"href":"https:\/\/tilefly.com\/de\/wp-json\/wp\/v2\/product\/543463","targetHints":{"allow":["GET"]}}],"collection":[{"href":"https:\/\/tilefly.com\/de\/wp-json\/wp\/v2\/product"}],"about":[{"href":"https:\/\/tilefly.com\/de\/wp-json\/wp\/v2\/types\/product"}],"replies":[{"embeddable":true,"href":"https:\/\/tilefly.com\/de\/wp-json\/wp\/v2\/comments?post=543463"}],"wp:featuredmedia":[{"embeddable":true,"href":"https:\/\/tilefly.com\/de\/wp-json\/wp\/v2\/media\/543024"}],"wp:attachment":[{"href":"https:\/\/tilefly.com\/de\/wp-json\/wp\/v2\/media?parent=543463"}],"wp:term":[{"taxonomy":"product_brand","embeddable":true,"href":"https:\/\/tilefly.com\/de\/wp-json\/wp\/v2\/product_brand?post=543463"},{"taxonomy":"product_cat","embeddable":true,"href":"https:\/\/tilefly.com\/de\/wp-json\/wp\/v2\/product_cat?post=543463"},{"taxonomy":"product_tag","embeddable":true,"href":"https:\/\/tilefly.com\/de\/wp-json\/wp\/v2\/product_tag?post=543463"}],"curies":[{"name":"wp","href":"https:\/\/api.w.org\/{rel}","templated":true}]}}