{"id":543458,"date":"2024-11-10T19:16:29","date_gmt":"2024-11-10T18:16:29","guid":{"rendered":"https:\/\/tilefly.com\/producto\/drach-blue-118x118\/"},"modified":"2024-11-10T19:43:21","modified_gmt":"2024-11-10T18:43:21","slug":"drach-blue-118x118","status":"publish","type":"product","link":"https:\/\/tilefly.com\/de\/produkt\/drach-blue-118x118\/","title":{"rendered":"DRACH BLUE 11,8X11,8"},"content":{"rendered":"<h2><strong>DRACHME BLAU 11,8X11,8<\/strong><\/h2><p>Die mittelblaue Fliese Drach Blue zeichnet sich durch ein dekoratives kreisf\u00f6rmiges Relief aus, das dem Design Textur und Stil verleiht. Die gl\u00e4nzende Oberfl\u00e4che und die leuchtende Farbe machen diese Fliese zu einer idealen Wahl f\u00fcr moderne und frische R\u00e4ume. Das Format von 11,8&#215;11,8 cm und das gepr\u00e4gte Design sind perfekt f\u00fcr B\u00e4der und K\u00fcchen und sorgen f\u00fcr eine dynamische Atmosph\u00e4re voller Pers\u00f6nlichkeit.  <\/p>","protected":false},"excerpt":{"rendered":"<p>DRACHME BLAU 11,8X11,8Die mittelblaue Fliese Drach Blue zeichnet sich durch ein dekoratives kreisf\u00f6rmiges Relief aus, das dem Design Textur und Stil verleiht. Die gl\u00e4nzende Oberfl\u00e4che und die leuchtende Farbe machen diese Fliese zu einer idealen Wahl f\u00fcr moderne und frische R\u00e4ume. Das Format von 11,8&#215;11,8 cm und das gepr\u00e4gte Design sind perfekt f\u00fcr B\u00e4der und [&hellip;]<\/p>\n","protected":false},"featured_media":542972,"comment_status":"open","ping_status":"closed","template":"","meta":[],"product_brand":[],"product_cat":[457,458,459],"product_tag":[],"class_list":{"0":"post-543458","1":"product","2":"type-product","3":"status-publish","4":"has-post-thumbnail","6":"product_cat-badezimmer","7":"product_cat-kuchen","8":"product_cat-wandfliesen","10":"first","11":"instock","12":"shipping-taxable","13":"purchasable","14":"product-type-simple"},"_links":{"self":[{"href":"https:\/\/tilefly.com\/de\/wp-json\/wp\/v2\/product\/543458","targetHints":{"allow":["GET"]}}],"collection":[{"href":"https:\/\/tilefly.com\/de\/wp-json\/wp\/v2\/product"}],"about":[{"href":"https:\/\/tilefly.com\/de\/wp-json\/wp\/v2\/types\/product"}],"replies":[{"embeddable":true,"href":"https:\/\/tilefly.com\/de\/wp-json\/wp\/v2\/comments?post=543458"}],"wp:featuredmedia":[{"embeddable":true,"href":"https:\/\/tilefly.com\/de\/wp-json\/wp\/v2\/media\/542972"}],"wp:attachment":[{"href":"https:\/\/tilefly.com\/de\/wp-json\/wp\/v2\/media?parent=543458"}],"wp:term":[{"taxonomy":"product_brand","embeddable":true,"href":"https:\/\/tilefly.com\/de\/wp-json\/wp\/v2\/product_brand?post=543458"},{"taxonomy":"product_cat","embeddable":true,"href":"https:\/\/tilefly.com\/de\/wp-json\/wp\/v2\/product_cat?post=543458"},{"taxonomy":"product_tag","embeddable":true,"href":"https:\/\/tilefly.com\/de\/wp-json\/wp\/v2\/product_tag?post=543458"}],"curies":[{"name":"wp","href":"https:\/\/api.w.org\/{rel}","templated":true}]}}