{"id":543454,"date":"2024-11-10T19:16:32","date_gmt":"2024-11-10T18:16:32","guid":{"rendered":"https:\/\/tilefly.com\/producto\/drach-night-118x118\/"},"modified":"2024-11-10T19:43:18","modified_gmt":"2024-11-10T18:43:18","slug":"drach-night-118x118","status":"publish","type":"product","link":"https:\/\/tilefly.com\/de\/produkt\/drach-night-118x118\/","title":{"rendered":"DRACH NIGHT 11,8X11,8"},"content":{"rendered":"<h2><strong>DRACHENNACHT 11,8X11,8<\/strong><\/h2><p>Drach Night in Schwarz bietet ein kreisf\u00f6rmiges Reliefdesign, das durch seine Eleganz und Tiefe besticht. Durch die gl\u00e4nzende Oberfl\u00e4che dieser Fliese f\u00e4ngt das Relief das Licht auf subtile Weise ein und verleiht ihm Raffinesse. Diese Fliese ist ideal f\u00fcr R\u00e4ume, in denen ein k\u00fchner, zeitgen\u00f6ssischer Stil gefragt ist, und schafft ein elegantes und charaktervolles Ambiente.  <\/p>","protected":false},"excerpt":{"rendered":"<p>DRACHENNACHT 11,8X11,8Drach Night in Schwarz bietet ein kreisf\u00f6rmiges Reliefdesign, das durch seine Eleganz und Tiefe besticht. Durch die gl\u00e4nzende Oberfl\u00e4che dieser Fliese f\u00e4ngt das Relief das Licht auf subtile Weise ein und verleiht ihm Raffinesse. Diese Fliese ist ideal f\u00fcr R\u00e4ume, in denen ein k\u00fchner, zeitgen\u00f6ssischer Stil gefragt ist, und schafft ein elegantes und charaktervolles [&hellip;]<\/p>\n","protected":false},"featured_media":542985,"comment_status":"open","ping_status":"closed","template":"","meta":[],"product_brand":[],"product_cat":[457,458,459],"product_tag":[],"class_list":{"0":"post-543454","1":"product","2":"type-product","3":"status-publish","4":"has-post-thumbnail","6":"product_cat-badezimmer","7":"product_cat-kuchen","8":"product_cat-wandfliesen","10":"first","11":"outofstock","12":"shipping-taxable","13":"purchasable","14":"product-type-simple"},"_links":{"self":[{"href":"https:\/\/tilefly.com\/de\/wp-json\/wp\/v2\/product\/543454","targetHints":{"allow":["GET"]}}],"collection":[{"href":"https:\/\/tilefly.com\/de\/wp-json\/wp\/v2\/product"}],"about":[{"href":"https:\/\/tilefly.com\/de\/wp-json\/wp\/v2\/types\/product"}],"replies":[{"embeddable":true,"href":"https:\/\/tilefly.com\/de\/wp-json\/wp\/v2\/comments?post=543454"}],"wp:featuredmedia":[{"embeddable":true,"href":"https:\/\/tilefly.com\/de\/wp-json\/wp\/v2\/media\/542985"}],"wp:attachment":[{"href":"https:\/\/tilefly.com\/de\/wp-json\/wp\/v2\/media?parent=543454"}],"wp:term":[{"taxonomy":"product_brand","embeddable":true,"href":"https:\/\/tilefly.com\/de\/wp-json\/wp\/v2\/product_brand?post=543454"},{"taxonomy":"product_cat","embeddable":true,"href":"https:\/\/tilefly.com\/de\/wp-json\/wp\/v2\/product_cat?post=543454"},{"taxonomy":"product_tag","embeddable":true,"href":"https:\/\/tilefly.com\/de\/wp-json\/wp\/v2\/product_tag?post=543454"}],"curies":[{"name":"wp","href":"https:\/\/api.w.org\/{rel}","templated":true}]}}