{"id":543451,"date":"2024-11-10T19:16:23","date_gmt":"2024-11-10T18:16:23","guid":{"rendered":"https:\/\/tilefly.com\/producto\/drach-white-118x118\/"},"modified":"2024-11-10T19:43:16","modified_gmt":"2024-11-10T18:43:16","slug":"drach-white-118x118","status":"publish","type":"product","link":"https:\/\/tilefly.com\/de\/produkt\/drach-white-118x118\/","title":{"rendered":"DRACH WHITE 11,8X11,8"},"content":{"rendered":"<h2><strong>DRACHME WEISS 11,8X11,8<\/strong><\/h2><p>Die Fliese Drach White zeichnet sich durch ein kreisf\u00f6rmiges Relief auf einem strahlend wei\u00dfen Hintergrund aus, wodurch eine Textur entsteht, die dem Raum Tiefe und Charakter verleiht. Mit ihrer gl\u00e4nzenden Oberfl\u00e4che f\u00e4ngt diese 11,8 x 11,8 cm gro\u00dfe Fliese das Licht auf subtile Weise ein und ist ideal, um ein ruhiges und elegantes Ambiente zu schaffen. Das gepr\u00e4gte Design verleiht dieser Fliese einen modernen Touch und macht sie zu einer ausgezeichneten Wahl f\u00fcr B\u00e4der und K\u00fcchen, die einen anspruchsvollen und funktionalen Stil suchen.  <\/p>","protected":false},"excerpt":{"rendered":"<p>DRACHME WEISS 11,8X11,8Die Fliese Drach White zeichnet sich durch ein kreisf\u00f6rmiges Relief auf einem strahlend wei\u00dfen Hintergrund aus, wodurch eine Textur entsteht, die dem Raum Tiefe und Charakter verleiht. Mit ihrer gl\u00e4nzenden Oberfl\u00e4che f\u00e4ngt diese 11,8 x 11,8 cm gro\u00dfe Fliese das Licht auf subtile Weise ein und ist ideal, um ein ruhiges und elegantes [&hellip;]<\/p>\n","protected":false},"featured_media":542946,"comment_status":"open","ping_status":"closed","template":"","meta":[],"product_brand":[],"product_cat":[457,458,459],"product_tag":[],"class_list":{"0":"post-543451","1":"product","2":"type-product","3":"status-publish","4":"has-post-thumbnail","6":"product_cat-badezimmer","7":"product_cat-kuchen","8":"product_cat-wandfliesen","10":"first","11":"outofstock","12":"shipping-taxable","13":"purchasable","14":"product-type-simple"},"_links":{"self":[{"href":"https:\/\/tilefly.com\/de\/wp-json\/wp\/v2\/product\/543451","targetHints":{"allow":["GET"]}}],"collection":[{"href":"https:\/\/tilefly.com\/de\/wp-json\/wp\/v2\/product"}],"about":[{"href":"https:\/\/tilefly.com\/de\/wp-json\/wp\/v2\/types\/product"}],"replies":[{"embeddable":true,"href":"https:\/\/tilefly.com\/de\/wp-json\/wp\/v2\/comments?post=543451"}],"wp:featuredmedia":[{"embeddable":true,"href":"https:\/\/tilefly.com\/de\/wp-json\/wp\/v2\/media\/542946"}],"wp:attachment":[{"href":"https:\/\/tilefly.com\/de\/wp-json\/wp\/v2\/media?parent=543451"}],"wp:term":[{"taxonomy":"product_brand","embeddable":true,"href":"https:\/\/tilefly.com\/de\/wp-json\/wp\/v2\/product_brand?post=543451"},{"taxonomy":"product_cat","embeddable":true,"href":"https:\/\/tilefly.com\/de\/wp-json\/wp\/v2\/product_cat?post=543451"},{"taxonomy":"product_tag","embeddable":true,"href":"https:\/\/tilefly.com\/de\/wp-json\/wp\/v2\/product_tag?post=543451"}],"curies":[{"name":"wp","href":"https:\/\/api.w.org\/{rel}","templated":true}]}}