{"id":543444,"date":"2024-11-10T19:16:20","date_gmt":"2024-11-10T18:16:20","guid":{"rendered":"https:\/\/tilefly.com\/producto\/mandia-green-mix-118x118\/"},"modified":"2024-11-10T19:42:29","modified_gmt":"2024-11-10T18:42:29","slug":"mandia-green-mix-118x118","status":"publish","type":"product","link":"https:\/\/tilefly.com\/de\/produkt\/mandia-green-mix-118x118\/","title":{"rendered":"MANDIA GREEN MIX 11,8X11,8"},"content":{"rendered":"<h2><strong>MANDIA GR\u00dcN MIX 11,8X11,8<\/strong><\/h2><p>Mandia Green Mix zeichnet sich durch sein dekoratives Design in Gr\u00fcnt\u00f6nen aus, das ein florales Muster erzeugt, das an die Frische der Natur erinnert. Die gl\u00e4nzende Oberfl\u00e4che hebt die Details des Designs hervor und verleiht ihm Leuchtkraft und eine elegante \u00c4sthetik. Diese 11,8&#215;11,8 cm gro\u00dfe Fliese ist ideal, um eine ruhige und raffinierte Atmosph\u00e4re in B\u00e4dern oder K\u00fcchen zu schaffen. Perfekt f\u00fcr alle, die auf der Suche nach einem einzigartigen dekorativen Stil voller Pers\u00f6nlichkeit sind.   <\/p>","protected":false},"excerpt":{"rendered":"<p>MANDIA GR\u00dcN MIX 11,8X11,8Mandia Green Mix zeichnet sich durch sein dekoratives Design in Gr\u00fcnt\u00f6nen aus, das ein florales Muster erzeugt, das an die Frische der Natur erinnert. Die gl\u00e4nzende Oberfl\u00e4che hebt die Details des Designs hervor und verleiht ihm Leuchtkraft und eine elegante \u00c4sthetik. Diese 11,8&#215;11,8 cm gro\u00dfe Fliese ist ideal, um eine ruhige und [&hellip;]<\/p>\n","protected":false},"featured_media":542933,"comment_status":"open","ping_status":"closed","template":"","meta":[],"product_brand":[],"product_cat":[457,458,459],"product_tag":[],"class_list":{"0":"post-543444","1":"product","2":"type-product","3":"status-publish","4":"has-post-thumbnail","6":"product_cat-badezimmer","7":"product_cat-kuchen","8":"product_cat-wandfliesen","10":"first","11":"instock","12":"shipping-taxable","13":"purchasable","14":"product-type-simple"},"_links":{"self":[{"href":"https:\/\/tilefly.com\/de\/wp-json\/wp\/v2\/product\/543444","targetHints":{"allow":["GET"]}}],"collection":[{"href":"https:\/\/tilefly.com\/de\/wp-json\/wp\/v2\/product"}],"about":[{"href":"https:\/\/tilefly.com\/de\/wp-json\/wp\/v2\/types\/product"}],"replies":[{"embeddable":true,"href":"https:\/\/tilefly.com\/de\/wp-json\/wp\/v2\/comments?post=543444"}],"wp:featuredmedia":[{"embeddable":true,"href":"https:\/\/tilefly.com\/de\/wp-json\/wp\/v2\/media\/542933"}],"wp:attachment":[{"href":"https:\/\/tilefly.com\/de\/wp-json\/wp\/v2\/media?parent=543444"}],"wp:term":[{"taxonomy":"product_brand","embeddable":true,"href":"https:\/\/tilefly.com\/de\/wp-json\/wp\/v2\/product_brand?post=543444"},{"taxonomy":"product_cat","embeddable":true,"href":"https:\/\/tilefly.com\/de\/wp-json\/wp\/v2\/product_cat?post=543444"},{"taxonomy":"product_tag","embeddable":true,"href":"https:\/\/tilefly.com\/de\/wp-json\/wp\/v2\/product_tag?post=543444"}],"curies":[{"name":"wp","href":"https:\/\/api.w.org\/{rel}","templated":true}]}}