{"id":543432,"date":"2024-11-10T19:15:10","date_gmt":"2024-11-10T18:15:10","guid":{"rendered":"https:\/\/tilefly.com\/producto\/magnetism-corten-63x25\/"},"modified":"2024-11-10T19:42:18","modified_gmt":"2024-11-10T18:42:18","slug":"magnetism-corten-63x25","status":"publish","type":"product","link":"https:\/\/tilefly.com\/de\/produkt\/magnetism-corten-63x25\/","title":{"rendered":"MAGNETISM CORTEN 6,3X25"},"content":{"rendered":"<h2><strong>MAGNETISMUS CORTEN 6,3X25<\/strong><\/h2><p>Diese cortenbraune Verkleidung erinnert an die \u00c4sthetik von gealtertem Metall mit einer einzigartigen W\u00e4rme. Seine matte und metallische Oberfl\u00e4che verleiht ihm einen besonderen Charakter, perfekt f\u00fcr R\u00e4ume, die einen raffinierten industriellen oder rustikalen Stil suchen. Seine kompakte Gr\u00f6\u00dfe erm\u00f6glicht es Ihnen, interessante Muster und Kontraste zu schaffen, die einen Hauch von Nat\u00fcrlichkeit und N\u00fcchternheit mit einer attraktiven und magnetischen Essenz vermitteln.  <\/p>","protected":false},"excerpt":{"rendered":"<p>MAGNETISMUS CORTEN 6,3X25Diese cortenbraune Verkleidung erinnert an die \u00c4sthetik von gealtertem Metall mit einer einzigartigen W\u00e4rme. Seine matte und metallische Oberfl\u00e4che verleiht ihm einen besonderen Charakter, perfekt f\u00fcr R\u00e4ume, die einen raffinierten industriellen oder rustikalen Stil suchen. Seine kompakte Gr\u00f6\u00dfe erm\u00f6glicht es Ihnen, interessante Muster und Kontraste zu schaffen, die einen Hauch von Nat\u00fcrlichkeit und [&hellip;]<\/p>\n","protected":false},"featured_media":542712,"comment_status":"open","ping_status":"closed","template":"","meta":[],"product_brand":[],"product_cat":[457,458,459],"product_tag":[],"class_list":{"0":"post-543432","1":"product","2":"type-product","3":"status-publish","4":"has-post-thumbnail","6":"product_cat-badezimmer","7":"product_cat-kuchen","8":"product_cat-wandfliesen","10":"first","11":"instock","12":"shipping-taxable","13":"purchasable","14":"product-type-simple"},"_links":{"self":[{"href":"https:\/\/tilefly.com\/de\/wp-json\/wp\/v2\/product\/543432","targetHints":{"allow":["GET"]}}],"collection":[{"href":"https:\/\/tilefly.com\/de\/wp-json\/wp\/v2\/product"}],"about":[{"href":"https:\/\/tilefly.com\/de\/wp-json\/wp\/v2\/types\/product"}],"replies":[{"embeddable":true,"href":"https:\/\/tilefly.com\/de\/wp-json\/wp\/v2\/comments?post=543432"}],"wp:featuredmedia":[{"embeddable":true,"href":"https:\/\/tilefly.com\/de\/wp-json\/wp\/v2\/media\/542712"}],"wp:attachment":[{"href":"https:\/\/tilefly.com\/de\/wp-json\/wp\/v2\/media?parent=543432"}],"wp:term":[{"taxonomy":"product_brand","embeddable":true,"href":"https:\/\/tilefly.com\/de\/wp-json\/wp\/v2\/product_brand?post=543432"},{"taxonomy":"product_cat","embeddable":true,"href":"https:\/\/tilefly.com\/de\/wp-json\/wp\/v2\/product_cat?post=543432"},{"taxonomy":"product_tag","embeddable":true,"href":"https:\/\/tilefly.com\/de\/wp-json\/wp\/v2\/product_tag?post=543432"}],"curies":[{"name":"wp","href":"https:\/\/api.w.org\/{rel}","templated":true}]}}