{"id":543423,"date":"2024-11-08T18:18:55","date_gmt":"2024-11-10T18:42:08","guid":{"rendered":"https:\/\/tilefly.com\/producto\/britannic\/"},"modified":"2024-11-10T19:42:08","modified_gmt":"2024-11-10T18:42:08","slug":"britannic","status":"publish","type":"product","link":"https:\/\/tilefly.com\/de\/produkt\/britannic\/","title":{"rendered":"BRITANNIC"},"content":{"rendered":"<h2>BRITTANISCHE SERIE<br \/><\/h2><p>Ein Schiff aus der Titanic-Familie, der Ozeandampfer Britannic, leiht dieser Kollektion seinen Namen. Sein metallischer Effekt erinnert an die Oxidation, die das Wasser auf den Schiffsr\u00fcmpfen verursacht und die wiederum den Lauf der Zeit markiert. Einer seiner Vorz\u00fcge ist seine Dynamik durch die polierte Oberfl\u00e4che, die ein Spiel von Licht und Schatten erzeugt. Die Helligkeit unserer Britannic-Kollektion verleiht den R\u00e4umen Leuchtkraft und Bewegung. Die Kollektion besteht aus einem tropisch inspirierten Dekor und Farben mit einer besonderen Pers\u00f6nlichkeit im Kontrast zum rostigen Effekt.<\/p>","protected":false},"excerpt":{"rendered":"<p>BRITTANISCHE SERIEEin Schiff aus der Titanic-Familie, der Ozeandampfer Britannic, leiht dieser Kollektion seinen Namen. Sein metallischer Effekt erinnert an die Oxidation, die das Wasser auf den Schiffsr\u00fcmpfen verursacht und die wiederum den Lauf der Zeit markiert. Einer seiner Vorz\u00fcge ist seine Dynamik durch die polierte Oberfl\u00e4che, die ein Spiel von Licht und Schatten erzeugt. Die [&hellip;]<\/p>\n","protected":false},"featured_media":542502,"comment_status":"closed","ping_status":"closed","template":"","meta":[],"product_brand":[],"product_cat":[457,460,458,456,459],"product_tag":[],"class_list":{"0":"post-543423","1":"product","2":"type-product","3":"status-publish","4":"has-post-thumbnail","6":"product_cat-badezimmer","7":"product_cat-bodenfliesen","8":"product_cat-kuchen","9":"product_cat-vohnzimmer","10":"product_cat-wandfliesen","12":"first","13":"instock","14":"shipping-taxable","15":"product-type-grouped"},"_links":{"self":[{"href":"https:\/\/tilefly.com\/de\/wp-json\/wp\/v2\/product\/543423","targetHints":{"allow":["GET"]}}],"collection":[{"href":"https:\/\/tilefly.com\/de\/wp-json\/wp\/v2\/product"}],"about":[{"href":"https:\/\/tilefly.com\/de\/wp-json\/wp\/v2\/types\/product"}],"replies":[{"embeddable":true,"href":"https:\/\/tilefly.com\/de\/wp-json\/wp\/v2\/comments?post=543423"}],"wp:featuredmedia":[{"embeddable":true,"href":"https:\/\/tilefly.com\/de\/wp-json\/wp\/v2\/media\/542502"}],"wp:attachment":[{"href":"https:\/\/tilefly.com\/de\/wp-json\/wp\/v2\/media?parent=543423"}],"wp:term":[{"taxonomy":"product_brand","embeddable":true,"href":"https:\/\/tilefly.com\/de\/wp-json\/wp\/v2\/product_brand?post=543423"},{"taxonomy":"product_cat","embeddable":true,"href":"https:\/\/tilefly.com\/de\/wp-json\/wp\/v2\/product_cat?post=543423"},{"taxonomy":"product_tag","embeddable":true,"href":"https:\/\/tilefly.com\/de\/wp-json\/wp\/v2\/product_tag?post=543423"}],"curies":[{"name":"wp","href":"https:\/\/api.w.org\/{rel}","templated":true}]}}