{"id":543417,"date":"2024-11-08T18:13:54","date_gmt":"2024-11-10T18:41:35","guid":{"rendered":"https:\/\/tilefly.com\/producto\/brianna\/"},"modified":"2024-11-10T19:41:35","modified_gmt":"2024-11-10T18:41:35","slug":"brianna","status":"publish","type":"product","link":"https:\/\/tilefly.com\/de\/produkt\/brianna\/","title":{"rendered":"BRIANNA"},"content":{"rendered":"<h2>Brianna Serie<br \/><\/h2><p>Die hydraulische Fliese wurde 1867 auf der Weltausstellung in Paris eingef\u00fchrt und wurde zu einem Produkt, das den Markt revolutionierte und die gro\u00dfen K\u00fcnstler der damaligen Zeit anzog. Und seither ist sie nie aus der Mode gekommen. Heute ist sie ein Trend und eines der beliebtesten Produkte in der Inneneinrichtung, da sie ein gro\u00dfes chromatisches Interesse und eine reiche Handwerkskunst aufweist. Mit der Brianna-Kollektion interpretieren wir diesen Klassiker neu und aktualisieren ihn mit zeitgen\u00f6ssischen dekorativen Motiven, entschlackten Linien und einer n\u00fcchternen und trendigen Farbpalette.<\/p>","protected":false},"excerpt":{"rendered":"<p>Brianna SerieDie hydraulische Fliese wurde 1867 auf der Weltausstellung in Paris eingef\u00fchrt und wurde zu einem Produkt, das den Markt revolutionierte und die gro\u00dfen K\u00fcnstler der damaligen Zeit anzog. Und seither ist sie nie aus der Mode gekommen. Heute ist sie ein Trend und eines der beliebtesten Produkte in der Inneneinrichtung, da sie ein gro\u00dfes [&hellip;]<\/p>\n","protected":false},"featured_media":542450,"comment_status":"closed","ping_status":"closed","template":"","meta":[],"product_brand":[],"product_cat":[457,460,458,456,459],"product_tag":[],"class_list":{"0":"post-543417","1":"product","2":"type-product","3":"status-publish","4":"has-post-thumbnail","6":"product_cat-badezimmer","7":"product_cat-bodenfliesen","8":"product_cat-kuchen","9":"product_cat-vohnzimmer","10":"product_cat-wandfliesen","12":"first","13":"instock","14":"shipping-taxable","15":"product-type-grouped"},"_links":{"self":[{"href":"https:\/\/tilefly.com\/de\/wp-json\/wp\/v2\/product\/543417","targetHints":{"allow":["GET"]}}],"collection":[{"href":"https:\/\/tilefly.com\/de\/wp-json\/wp\/v2\/product"}],"about":[{"href":"https:\/\/tilefly.com\/de\/wp-json\/wp\/v2\/types\/product"}],"replies":[{"embeddable":true,"href":"https:\/\/tilefly.com\/de\/wp-json\/wp\/v2\/comments?post=543417"}],"wp:featuredmedia":[{"embeddable":true,"href":"https:\/\/tilefly.com\/de\/wp-json\/wp\/v2\/media\/542450"}],"wp:attachment":[{"href":"https:\/\/tilefly.com\/de\/wp-json\/wp\/v2\/media?parent=543417"}],"wp:term":[{"taxonomy":"product_brand","embeddable":true,"href":"https:\/\/tilefly.com\/de\/wp-json\/wp\/v2\/product_brand?post=543417"},{"taxonomy":"product_cat","embeddable":true,"href":"https:\/\/tilefly.com\/de\/wp-json\/wp\/v2\/product_cat?post=543417"},{"taxonomy":"product_tag","embeddable":true,"href":"https:\/\/tilefly.com\/de\/wp-json\/wp\/v2\/product_tag?post=543417"}],"curies":[{"name":"wp","href":"https:\/\/api.w.org\/{rel}","templated":true}]}}