{"id":543414,"date":"2024-11-08T18:04:33","date_gmt":"2024-11-08T17:04:33","guid":{"rendered":"https:\/\/tilefly.com\/producto\/bulge-grey-124x124\/"},"modified":"2024-11-10T19:41:34","modified_gmt":"2024-11-10T18:41:34","slug":"bulge-grey-124x124","status":"publish","type":"product","link":"https:\/\/tilefly.com\/de\/produkt\/bulge-grey-124x124\/","title":{"rendered":"BULGE GREY 12,4X12,4"},"content":{"rendered":"<h2><strong>WULST GRAU 12,4X12,4<\/strong><\/h2><p>In einem eleganten Grau kombiniert diese kleinformatige dekorierte Wandfliese die Schlichtheit neutraler T\u00f6ne mit der Retro-\u00c4sthetik der 60er Jahre. Die abgerundeten Volumina und die dekorative Textur sorgen f\u00fcr Bewegung und Stil und machen sie ideal f\u00fcr alle, die einen neutralen Hintergrund mit einem Hauch von Nostalgie und Pers\u00f6nlichkeit in jeder Umgebung suchen. <\/p>","protected":false},"excerpt":{"rendered":"<p>WULST GRAU 12,4X12,4In einem eleganten Grau kombiniert diese kleinformatige dekorierte Wandfliese die Schlichtheit neutraler T\u00f6ne mit der Retro-\u00c4sthetik der 60er Jahre. Die abgerundeten Volumina und die dekorative Textur sorgen f\u00fcr Bewegung und Stil und machen sie ideal f\u00fcr alle, die einen neutralen Hintergrund mit einem Hauch von Nostalgie und Pers\u00f6nlichkeit in jeder Umgebung suchen.<\/p>\n","protected":false},"featured_media":542652,"comment_status":"open","ping_status":"closed","template":"","meta":[],"product_brand":[],"product_cat":[457,458,459],"product_tag":[],"class_list":{"0":"post-543414","1":"product","2":"type-product","3":"status-publish","4":"has-post-thumbnail","6":"product_cat-badezimmer","7":"product_cat-kuchen","8":"product_cat-wandfliesen","10":"first","11":"outofstock","12":"shipping-taxable","13":"purchasable","14":"product-type-simple"},"_links":{"self":[{"href":"https:\/\/tilefly.com\/de\/wp-json\/wp\/v2\/product\/543414","targetHints":{"allow":["GET"]}}],"collection":[{"href":"https:\/\/tilefly.com\/de\/wp-json\/wp\/v2\/product"}],"about":[{"href":"https:\/\/tilefly.com\/de\/wp-json\/wp\/v2\/types\/product"}],"replies":[{"embeddable":true,"href":"https:\/\/tilefly.com\/de\/wp-json\/wp\/v2\/comments?post=543414"}],"wp:featuredmedia":[{"embeddable":true,"href":"https:\/\/tilefly.com\/de\/wp-json\/wp\/v2\/media\/542652"}],"wp:attachment":[{"href":"https:\/\/tilefly.com\/de\/wp-json\/wp\/v2\/media?parent=543414"}],"wp:term":[{"taxonomy":"product_brand","embeddable":true,"href":"https:\/\/tilefly.com\/de\/wp-json\/wp\/v2\/product_brand?post=543414"},{"taxonomy":"product_cat","embeddable":true,"href":"https:\/\/tilefly.com\/de\/wp-json\/wp\/v2\/product_cat?post=543414"},{"taxonomy":"product_tag","embeddable":true,"href":"https:\/\/tilefly.com\/de\/wp-json\/wp\/v2\/product_tag?post=543414"}],"curies":[{"name":"wp","href":"https:\/\/api.w.org\/{rel}","templated":true}]}}