{"id":543411,"date":"2024-11-08T18:04:41","date_gmt":"2024-11-08T17:04:41","guid":{"rendered":"https:\/\/tilefly.com\/producto\/bulge-volcano-124x124\/"},"modified":"2024-11-10T19:41:32","modified_gmt":"2024-11-10T18:41:32","slug":"bulge-volcano-124x124","status":"publish","type":"product","link":"https:\/\/tilefly.com\/de\/produkt\/bulge-volcano-124x124\/","title":{"rendered":"BULGE VOLCANO 12,4X12,4"},"content":{"rendered":"<h2><strong>WULST VULKAN 12,4X12,4<\/strong><\/h2><p>Diese Verkleidung in einem vulkanischen Grauton und dekoriertem Design bietet eine robuste, von den 1960er Jahren inspirierte \u00c4sthetik. Die abgerundeten Volumina und das kompakte Format 12,4&#215;12,4 erm\u00f6glichen auff\u00e4llige visuelle Muster, ideal f\u00fcr diejenigen, die einen Retro-Touch mit einem k\u00fchnen modernen Look hinzuf\u00fcgen m\u00f6chten. <\/p>","protected":false},"excerpt":{"rendered":"<p>WULST VULKAN 12,4X12,4Diese Verkleidung in einem vulkanischen Grauton und dekoriertem Design bietet eine robuste, von den 1960er Jahren inspirierte \u00c4sthetik. Die abgerundeten Volumina und das kompakte Format 12,4&#215;12,4 erm\u00f6glichen auff\u00e4llige visuelle Muster, ideal f\u00fcr diejenigen, die einen Retro-Touch mit einem k\u00fchnen modernen Look hinzuf\u00fcgen m\u00f6chten.<\/p>\n","protected":false},"featured_media":542665,"comment_status":"open","ping_status":"closed","template":"","meta":[],"product_brand":[],"product_cat":[457,458,459],"product_tag":[],"class_list":{"0":"post-543411","1":"product","2":"type-product","3":"status-publish","4":"has-post-thumbnail","6":"product_cat-badezimmer","7":"product_cat-kuchen","8":"product_cat-wandfliesen","10":"first","11":"outofstock","12":"shipping-taxable","13":"purchasable","14":"product-type-simple"},"_links":{"self":[{"href":"https:\/\/tilefly.com\/de\/wp-json\/wp\/v2\/product\/543411","targetHints":{"allow":["GET"]}}],"collection":[{"href":"https:\/\/tilefly.com\/de\/wp-json\/wp\/v2\/product"}],"about":[{"href":"https:\/\/tilefly.com\/de\/wp-json\/wp\/v2\/types\/product"}],"replies":[{"embeddable":true,"href":"https:\/\/tilefly.com\/de\/wp-json\/wp\/v2\/comments?post=543411"}],"wp:featuredmedia":[{"embeddable":true,"href":"https:\/\/tilefly.com\/de\/wp-json\/wp\/v2\/media\/542665"}],"wp:attachment":[{"href":"https:\/\/tilefly.com\/de\/wp-json\/wp\/v2\/media?parent=543411"}],"wp:term":[{"taxonomy":"product_brand","embeddable":true,"href":"https:\/\/tilefly.com\/de\/wp-json\/wp\/v2\/product_brand?post=543411"},{"taxonomy":"product_cat","embeddable":true,"href":"https:\/\/tilefly.com\/de\/wp-json\/wp\/v2\/product_cat?post=543411"},{"taxonomy":"product_tag","embeddable":true,"href":"https:\/\/tilefly.com\/de\/wp-json\/wp\/v2\/product_tag?post=543411"}],"curies":[{"name":"wp","href":"https:\/\/api.w.org\/{rel}","templated":true}]}}