{"id":543409,"date":"2024-11-08T18:04:30","date_gmt":"2024-11-08T17:04:30","guid":{"rendered":"https:\/\/tilefly.com\/producto\/bulge-ocean-124x124\/"},"modified":"2024-11-10T19:41:29","modified_gmt":"2024-11-10T18:41:29","slug":"bulge-ocean-124x124","status":"publish","type":"product","link":"https:\/\/tilefly.com\/de\/produkt\/bulge-ocean-124x124\/","title":{"rendered":"BULGE OCEAN 12,4X12,4"},"content":{"rendered":"<h2><strong>W\u00d6LBUNG OZEAN 12,4X12,4<\/strong><\/h2><p>Diese tiefblaue, kompakte Tapete hat eine lebendige Pers\u00f6nlichkeit, die von der Mode der 60er Jahre inspiriert ist. Mit seinem dekorativen, abgerundeten Volumendesign erzeugt er einen interessanten und energiegeladenen visuellen Effekt. Perfekt, um einen Hauch von Farbe und Retro-Stil hinzuzuf\u00fcgen. Seine Gr\u00f6\u00dfe erm\u00f6glicht einzigartige Muster, die jeden Raum in eine charaktervolle Umgebung verwandeln.  <\/p>","protected":false},"excerpt":{"rendered":"<p>W\u00d6LBUNG OZEAN 12,4X12,4Diese tiefblaue, kompakte Tapete hat eine lebendige Pers\u00f6nlichkeit, die von der Mode der 60er Jahre inspiriert ist. Mit seinem dekorativen, abgerundeten Volumendesign erzeugt er einen interessanten und energiegeladenen visuellen Effekt. Perfekt, um einen Hauch von Farbe und Retro-Stil hinzuzuf\u00fcgen. Seine Gr\u00f6\u00dfe erm\u00f6glicht einzigartige Muster, die jeden Raum in eine charaktervolle Umgebung verwandeln.<\/p>\n","protected":false},"featured_media":542639,"comment_status":"open","ping_status":"closed","template":"","meta":[],"product_brand":[],"product_cat":[457,458,459],"product_tag":[],"class_list":{"0":"post-543409","1":"product","2":"type-product","3":"status-publish","4":"has-post-thumbnail","6":"product_cat-badezimmer","7":"product_cat-kuchen","8":"product_cat-wandfliesen","10":"first","11":"outofstock","12":"shipping-taxable","13":"purchasable","14":"product-type-simple"},"_links":{"self":[{"href":"https:\/\/tilefly.com\/de\/wp-json\/wp\/v2\/product\/543409","targetHints":{"allow":["GET"]}}],"collection":[{"href":"https:\/\/tilefly.com\/de\/wp-json\/wp\/v2\/product"}],"about":[{"href":"https:\/\/tilefly.com\/de\/wp-json\/wp\/v2\/types\/product"}],"replies":[{"embeddable":true,"href":"https:\/\/tilefly.com\/de\/wp-json\/wp\/v2\/comments?post=543409"}],"wp:featuredmedia":[{"embeddable":true,"href":"https:\/\/tilefly.com\/de\/wp-json\/wp\/v2\/media\/542639"}],"wp:attachment":[{"href":"https:\/\/tilefly.com\/de\/wp-json\/wp\/v2\/media?parent=543409"}],"wp:term":[{"taxonomy":"product_brand","embeddable":true,"href":"https:\/\/tilefly.com\/de\/wp-json\/wp\/v2\/product_brand?post=543409"},{"taxonomy":"product_cat","embeddable":true,"href":"https:\/\/tilefly.com\/de\/wp-json\/wp\/v2\/product_cat?post=543409"},{"taxonomy":"product_tag","embeddable":true,"href":"https:\/\/tilefly.com\/de\/wp-json\/wp\/v2\/product_tag?post=543409"}],"curies":[{"name":"wp","href":"https:\/\/api.w.org\/{rel}","templated":true}]}}