{"id":543406,"date":"2024-11-08T18:04:18","date_gmt":"2024-11-08T17:04:18","guid":{"rendered":"https:\/\/tilefly.com\/producto\/bulge-white-124x124\/"},"modified":"2024-11-10T19:41:26","modified_gmt":"2024-11-10T18:41:26","slug":"bulge-white-124x124","status":"publish","type":"product","link":"https:\/\/tilefly.com\/de\/produkt\/bulge-white-124x124\/","title":{"rendered":"BULGE WHITE 12,4X12,4"},"content":{"rendered":"<h2><strong>WULST WEISS 12,4X12,4<\/strong><\/h2><p>Diese wei\u00df dekorierte Wandfliese im kompakten Format ist eine vielseitige und leuchtende Option, die von den 1960er Jahren inspiriert ist. Die abgerundeten Volumina und das Retro-Design verleihen ihr Textur und Tiefe und machen sie ideal, um eine frische, minimalistische Atmosph\u00e4re zu schaffen. Ihre Gr\u00f6\u00dfe von 12,4&#215;12,4 erm\u00f6glicht flexible Kompositionen und bietet einen klaren und eleganten Stil, der in jede Umgebung passt.  <\/p>","protected":false},"excerpt":{"rendered":"<p>WULST WEISS 12,4X12,4Diese wei\u00df dekorierte Wandfliese im kompakten Format ist eine vielseitige und leuchtende Option, die von den 1960er Jahren inspiriert ist. Die abgerundeten Volumina und das Retro-Design verleihen ihr Textur und Tiefe und machen sie ideal, um eine frische, minimalistische Atmosph\u00e4re zu schaffen. Ihre Gr\u00f6\u00dfe von 12,4&#215;12,4 erm\u00f6glicht flexible Kompositionen und bietet einen klaren [&hellip;]<\/p>\n","protected":false},"featured_media":542613,"comment_status":"open","ping_status":"closed","template":"","meta":[],"product_brand":[],"product_cat":[457,458,459],"product_tag":[],"class_list":{"0":"post-543406","1":"product","2":"type-product","3":"status-publish","4":"has-post-thumbnail","6":"product_cat-badezimmer","7":"product_cat-kuchen","8":"product_cat-wandfliesen","10":"first","11":"outofstock","12":"shipping-taxable","13":"purchasable","14":"product-type-simple"},"_links":{"self":[{"href":"https:\/\/tilefly.com\/de\/wp-json\/wp\/v2\/product\/543406","targetHints":{"allow":["GET"]}}],"collection":[{"href":"https:\/\/tilefly.com\/de\/wp-json\/wp\/v2\/product"}],"about":[{"href":"https:\/\/tilefly.com\/de\/wp-json\/wp\/v2\/types\/product"}],"replies":[{"embeddable":true,"href":"https:\/\/tilefly.com\/de\/wp-json\/wp\/v2\/comments?post=543406"}],"wp:featuredmedia":[{"embeddable":true,"href":"https:\/\/tilefly.com\/de\/wp-json\/wp\/v2\/media\/542613"}],"wp:attachment":[{"href":"https:\/\/tilefly.com\/de\/wp-json\/wp\/v2\/media?parent=543406"}],"wp:term":[{"taxonomy":"product_brand","embeddable":true,"href":"https:\/\/tilefly.com\/de\/wp-json\/wp\/v2\/product_brand?post=543406"},{"taxonomy":"product_cat","embeddable":true,"href":"https:\/\/tilefly.com\/de\/wp-json\/wp\/v2\/product_cat?post=543406"},{"taxonomy":"product_tag","embeddable":true,"href":"https:\/\/tilefly.com\/de\/wp-json\/wp\/v2\/product_tag?post=543406"}],"curies":[{"name":"wp","href":"https:\/\/api.w.org\/{rel}","templated":true}]}}