{"id":543403,"date":"2024-11-08T18:04:26","date_gmt":"2024-11-08T17:04:26","guid":{"rendered":"https:\/\/tilefly.com\/producto\/bulge-acqua-124x124\/"},"modified":"2024-11-10T19:41:24","modified_gmt":"2024-11-10T18:41:24","slug":"bulge-acqua-124x124","status":"publish","type":"product","link":"https:\/\/tilefly.com\/de\/produkt\/bulge-acqua-124x124\/","title":{"rendered":"BULGE ACQUA 12,4X12,4"},"content":{"rendered":"<h2><strong>WULST ACQUA 12,4X12,4<\/strong><\/h2><p>Mit einem sanften Aquaton und einem dekorativen Design f\u00e4ngt diese Tapete die Essenz der Mode der 60er Jahre in einem kleinen, aber eindrucksvollen St\u00fcck ein. Die abgerundeten Volumina und die erfrischende Farbe eignen sich perfekt, um modernen R\u00e4umen einen Retro-Touch zu verleihen und sie zu beleben. Ideal f\u00fcr alle, die eine nostalgische \u00c4sthetik mit einem modernen Twist suchen.  <\/p>","protected":false},"excerpt":{"rendered":"<p>WULST ACQUA 12,4X12,4Mit einem sanften Aquaton und einem dekorativen Design f\u00e4ngt diese Tapete die Essenz der Mode der 60er Jahre in einem kleinen, aber eindrucksvollen St\u00fcck ein. Die abgerundeten Volumina und die erfrischende Farbe eignen sich perfekt, um modernen R\u00e4umen einen Retro-Touch zu verleihen und sie zu beleben. Ideal f\u00fcr alle, die eine nostalgische \u00c4sthetik [&hellip;]<\/p>\n","protected":false},"featured_media":542626,"comment_status":"open","ping_status":"closed","template":"","meta":[],"product_brand":[],"product_cat":[457,458,459],"product_tag":[],"class_list":{"0":"post-543403","1":"product","2":"type-product","3":"status-publish","4":"has-post-thumbnail","6":"product_cat-badezimmer","7":"product_cat-kuchen","8":"product_cat-wandfliesen","10":"first","11":"outofstock","12":"shipping-taxable","13":"purchasable","14":"product-type-simple"},"_links":{"self":[{"href":"https:\/\/tilefly.com\/de\/wp-json\/wp\/v2\/product\/543403","targetHints":{"allow":["GET"]}}],"collection":[{"href":"https:\/\/tilefly.com\/de\/wp-json\/wp\/v2\/product"}],"about":[{"href":"https:\/\/tilefly.com\/de\/wp-json\/wp\/v2\/types\/product"}],"replies":[{"embeddable":true,"href":"https:\/\/tilefly.com\/de\/wp-json\/wp\/v2\/comments?post=543403"}],"wp:featuredmedia":[{"embeddable":true,"href":"https:\/\/tilefly.com\/de\/wp-json\/wp\/v2\/media\/542626"}],"wp:attachment":[{"href":"https:\/\/tilefly.com\/de\/wp-json\/wp\/v2\/media?parent=543403"}],"wp:term":[{"taxonomy":"product_brand","embeddable":true,"href":"https:\/\/tilefly.com\/de\/wp-json\/wp\/v2\/product_brand?post=543403"},{"taxonomy":"product_cat","embeddable":true,"href":"https:\/\/tilefly.com\/de\/wp-json\/wp\/v2\/product_cat?post=543403"},{"taxonomy":"product_tag","embeddable":true,"href":"https:\/\/tilefly.com\/de\/wp-json\/wp\/v2\/product_tag?post=543403"}],"curies":[{"name":"wp","href":"https:\/\/api.w.org\/{rel}","templated":true}]}}