{"id":543394,"date":"2024-11-08T18:04:01","date_gmt":"2024-11-08T17:04:01","guid":{"rendered":"https:\/\/tilefly.com\/producto\/bulge-grey-75x30\/"},"modified":"2024-11-10T19:41:17","modified_gmt":"2024-11-10T18:41:17","slug":"bulge-grey-75x30","status":"publish","type":"product","link":"https:\/\/tilefly.com\/de\/produkt\/bulge-grey-75x30\/","title":{"rendered":"BULGE GREY 7,5X30"},"content":{"rendered":"<h2><strong>WULST GRAU 7,5X30<\/strong><\/h2><p>In einem modernen Grauton kombiniert diese dekorierte Wandfliese zeitgen\u00f6ssische N\u00fcchternheit mit der \u00c4sthetik der 1960er Jahre. Ihre abgerundeten Volumina erzeugen einen interessanten visuellen Effekt, der jedem Raum Bewegung und Textur verleiht. Perfekt f\u00fcr alle, die einen neutralen und doch charaktervollen Untergrund suchen. Das Design ist eine Verschmelzung von Retro-Stil und moderner Eleganz.  <\/p>","protected":false},"excerpt":{"rendered":"<p>WULST GRAU 7,5X30In einem modernen Grauton kombiniert diese dekorierte Wandfliese zeitgen\u00f6ssische N\u00fcchternheit mit der \u00c4sthetik der 1960er Jahre. Ihre abgerundeten Volumina erzeugen einen interessanten visuellen Effekt, der jedem Raum Bewegung und Textur verleiht. Perfekt f\u00fcr alle, die einen neutralen und doch charaktervollen Untergrund suchen. Das Design ist eine Verschmelzung von Retro-Stil und moderner Eleganz.<\/p>\n","protected":false},"featured_media":542587,"comment_status":"open","ping_status":"closed","template":"","meta":[],"product_brand":[],"product_cat":[457,458,459],"product_tag":[],"class_list":{"0":"post-543394","1":"product","2":"type-product","3":"status-publish","4":"has-post-thumbnail","6":"product_cat-badezimmer","7":"product_cat-kuchen","8":"product_cat-wandfliesen","10":"first","11":"instock","12":"shipping-taxable","13":"purchasable","14":"product-type-simple"},"_links":{"self":[{"href":"https:\/\/tilefly.com\/de\/wp-json\/wp\/v2\/product\/543394","targetHints":{"allow":["GET"]}}],"collection":[{"href":"https:\/\/tilefly.com\/de\/wp-json\/wp\/v2\/product"}],"about":[{"href":"https:\/\/tilefly.com\/de\/wp-json\/wp\/v2\/types\/product"}],"replies":[{"embeddable":true,"href":"https:\/\/tilefly.com\/de\/wp-json\/wp\/v2\/comments?post=543394"}],"wp:featuredmedia":[{"embeddable":true,"href":"https:\/\/tilefly.com\/de\/wp-json\/wp\/v2\/media\/542587"}],"wp:attachment":[{"href":"https:\/\/tilefly.com\/de\/wp-json\/wp\/v2\/media?parent=543394"}],"wp:term":[{"taxonomy":"product_brand","embeddable":true,"href":"https:\/\/tilefly.com\/de\/wp-json\/wp\/v2\/product_brand?post=543394"},{"taxonomy":"product_cat","embeddable":true,"href":"https:\/\/tilefly.com\/de\/wp-json\/wp\/v2\/product_cat?post=543394"},{"taxonomy":"product_tag","embeddable":true,"href":"https:\/\/tilefly.com\/de\/wp-json\/wp\/v2\/product_tag?post=543394"}],"curies":[{"name":"wp","href":"https:\/\/api.w.org\/{rel}","templated":true}]}}