{"id":543386,"date":"2024-11-08T18:03:49","date_gmt":"2024-11-08T17:03:49","guid":{"rendered":"https:\/\/tilefly.com\/producto\/bulge-white-75x30\/"},"modified":"2024-11-10T19:40:47","modified_gmt":"2024-11-10T18:40:47","slug":"bulge-white-75x30","status":"publish","type":"product","link":"https:\/\/tilefly.com\/de\/produkt\/bulge-white-75x30\/","title":{"rendered":"BULGE WHITE 7,5X30"},"content":{"rendered":"<h2><strong>WULST WEISS 7,5X30<\/strong><\/h2><p>Diese wei\u00dfe Wandfliese spiegelt die Schlichtheit und den Stil der 1960er Jahre mit einem Hauch von Modernit\u00e4t wider. Ihr verziertes Design und ihr abgerundetes Volumen verleihen ihr eine Textur, die in jedem Raum hervorsticht und f\u00fcr Helligkeit und Gro\u00dfz\u00fcgigkeit sorgt. Perfekt f\u00fcr alle, die einen neutralen Hintergrund suchen, der zu jedem Einrichtungsstil passt. Die Retro-Inspiration verleiht ihr einen einzigartigen Charakter, der an den lebendigen Stil dieses Jahrzehnts erinnert.  <\/p>","protected":false},"excerpt":{"rendered":"<p>WULST WEISS 7,5X30Diese wei\u00dfe Wandfliese spiegelt die Schlichtheit und den Stil der 1960er Jahre mit einem Hauch von Modernit\u00e4t wider. Ihr verziertes Design und ihr abgerundetes Volumen verleihen ihr eine Textur, die in jedem Raum hervorsticht und f\u00fcr Helligkeit und Gro\u00dfz\u00fcgigkeit sorgt. Perfekt f\u00fcr alle, die einen neutralen Hintergrund suchen, der zu jedem Einrichtungsstil passt. [&hellip;]<\/p>\n","protected":false},"featured_media":542548,"comment_status":"open","ping_status":"closed","template":"","meta":[],"product_brand":[],"product_cat":[457,458,459],"product_tag":[],"class_list":{"0":"post-543386","1":"product","2":"type-product","3":"status-publish","4":"has-post-thumbnail","6":"product_cat-badezimmer","7":"product_cat-kuchen","8":"product_cat-wandfliesen","10":"first","11":"instock","12":"shipping-taxable","13":"purchasable","14":"product-type-simple"},"_links":{"self":[{"href":"https:\/\/tilefly.com\/de\/wp-json\/wp\/v2\/product\/543386","targetHints":{"allow":["GET"]}}],"collection":[{"href":"https:\/\/tilefly.com\/de\/wp-json\/wp\/v2\/product"}],"about":[{"href":"https:\/\/tilefly.com\/de\/wp-json\/wp\/v2\/types\/product"}],"replies":[{"embeddable":true,"href":"https:\/\/tilefly.com\/de\/wp-json\/wp\/v2\/comments?post=543386"}],"wp:featuredmedia":[{"embeddable":true,"href":"https:\/\/tilefly.com\/de\/wp-json\/wp\/v2\/media\/542548"}],"wp:attachment":[{"href":"https:\/\/tilefly.com\/de\/wp-json\/wp\/v2\/media?parent=543386"}],"wp:term":[{"taxonomy":"product_brand","embeddable":true,"href":"https:\/\/tilefly.com\/de\/wp-json\/wp\/v2\/product_brand?post=543386"},{"taxonomy":"product_cat","embeddable":true,"href":"https:\/\/tilefly.com\/de\/wp-json\/wp\/v2\/product_cat?post=543386"},{"taxonomy":"product_tag","embeddable":true,"href":"https:\/\/tilefly.com\/de\/wp-json\/wp\/v2\/product_tag?post=543386"}],"curies":[{"name":"wp","href":"https:\/\/api.w.org\/{rel}","templated":true}]}}