{"id":543380,"date":"2024-11-08T18:03:45","date_gmt":"2024-11-08T17:03:45","guid":{"rendered":"https:\/\/tilefly.com\/producto\/britannic-copper-lapatto-rect-60x120\/"},"modified":"2024-11-10T19:40:43","modified_gmt":"2024-11-10T18:40:43","slug":"britannic-copper-lapatto-rect-60x120","status":"publish","type":"product","link":"https:\/\/tilefly.com\/de\/produkt\/britannic-copper-lapatto-rect-60x120\/","title":{"rendered":"BRITANNIC COPPER LAPATTO RECT 60X120"},"content":{"rendered":"<h2><strong>BRITANNIC KUPFER LAPATTO RECT 60X120<\/strong><\/h2><p>In einem warmen, kupferfarbenen Braunton f\u00e4ngt dieser Bodenbelag mit Lapatto-Finish den Reichtum und die W\u00e4rme von oxidiertem Metall ein. Seine polierte Oberfl\u00e4che verleiht ihm einen Glanz, der das Spiel von Licht und Schatten hervorhebt und ihm einen Hauch von Raffinesse und Dynamik verleiht. Perfekt f\u00fcr Umgebungen, die einen Kontrast zwischen industriell und gem\u00fctlich suchen. Seine Farbe und Textur erinnern an die Sch\u00f6nheit alter Materialien mit einem eleganten und modernen Ansatz.  <\/p>","protected":false},"excerpt":{"rendered":"<p>BRITANNIC KUPFER LAPATTO RECT 60X120In einem warmen, kupferfarbenen Braunton f\u00e4ngt dieser Bodenbelag mit Lapatto-Finish den Reichtum und die W\u00e4rme von oxidiertem Metall ein. Seine polierte Oberfl\u00e4che verleiht ihm einen Glanz, der das Spiel von Licht und Schatten hervorhebt und ihm einen Hauch von Raffinesse und Dynamik verleiht. Perfekt f\u00fcr Umgebungen, die einen Kontrast zwischen industriell [&hellip;]<\/p>\n","protected":false},"featured_media":542535,"comment_status":"open","ping_status":"closed","template":"","meta":[],"product_brand":[],"product_cat":[457,458,456,459],"product_tag":[],"class_list":{"0":"post-543380","1":"product","2":"type-product","3":"status-publish","4":"has-post-thumbnail","6":"product_cat-badezimmer","7":"product_cat-kuchen","8":"product_cat-vohnzimmer","9":"product_cat-wandfliesen","11":"first","12":"outofstock","13":"shipping-taxable","14":"purchasable","15":"product-type-simple"},"_links":{"self":[{"href":"https:\/\/tilefly.com\/de\/wp-json\/wp\/v2\/product\/543380","targetHints":{"allow":["GET"]}}],"collection":[{"href":"https:\/\/tilefly.com\/de\/wp-json\/wp\/v2\/product"}],"about":[{"href":"https:\/\/tilefly.com\/de\/wp-json\/wp\/v2\/types\/product"}],"replies":[{"embeddable":true,"href":"https:\/\/tilefly.com\/de\/wp-json\/wp\/v2\/comments?post=543380"}],"wp:featuredmedia":[{"embeddable":true,"href":"https:\/\/tilefly.com\/de\/wp-json\/wp\/v2\/media\/542535"}],"wp:attachment":[{"href":"https:\/\/tilefly.com\/de\/wp-json\/wp\/v2\/media?parent=543380"}],"wp:term":[{"taxonomy":"product_brand","embeddable":true,"href":"https:\/\/tilefly.com\/de\/wp-json\/wp\/v2\/product_brand?post=543380"},{"taxonomy":"product_cat","embeddable":true,"href":"https:\/\/tilefly.com\/de\/wp-json\/wp\/v2\/product_cat?post=543380"},{"taxonomy":"product_tag","embeddable":true,"href":"https:\/\/tilefly.com\/de\/wp-json\/wp\/v2\/product_tag?post=543380"}],"curies":[{"name":"wp","href":"https:\/\/api.w.org\/{rel}","templated":true}]}}