{"id":543379,"date":"2024-11-08T18:03:21","date_gmt":"2024-11-08T17:03:21","guid":{"rendered":"https:\/\/tilefly.com\/producto\/britannic-lead-lapatto-rect-60x120\/"},"modified":"2024-11-10T19:40:32","modified_gmt":"2024-11-10T18:40:32","slug":"britannic-lead-lapatto-rect-60x120","status":"publish","type":"product","link":"https:\/\/tilefly.com\/de\/produkt\/britannic-lead-lapatto-rect-60x120\/","title":{"rendered":"BRITANNIC LEAD LAPATTO RECT 60X120"},"content":{"rendered":"<h2><strong>BRITANNISCHES BLEI LAPATTO RECT 60X120<\/strong><\/h2><p>Mit seinem dunkelgrauen Farbton und der Lapatto-Oberfl\u00e4che spiegelt dieser Bodenbelag eine anspruchsvolle und moderne \u00c4sthetik wider. Inspiriert von der Oxidation von Metallen, verleiht die polierte Oberfl\u00e4che dem Boden einen Effekt von Leuchtkraft und Bewegung, ideal f\u00fcr alle, die eine Umgebung mit gro\u00dfer visueller Wirkung schaffen m\u00f6chten. Das Design ist perfekt f\u00fcr industrielle und moderne R\u00e4ume und bietet eine zeitlose Eleganz, die sich den aktuellen Trends in der Dekoration anpasst.  <\/p>","protected":false},"excerpt":{"rendered":"<p>BRITANNISCHES BLEI LAPATTO RECT 60X120Mit seinem dunkelgrauen Farbton und der Lapatto-Oberfl\u00e4che spiegelt dieser Bodenbelag eine anspruchsvolle und moderne \u00c4sthetik wider. Inspiriert von der Oxidation von Metallen, verleiht die polierte Oberfl\u00e4che dem Boden einen Effekt von Leuchtkraft und Bewegung, ideal f\u00fcr alle, die eine Umgebung mit gro\u00dfer visueller Wirkung schaffen m\u00f6chten. Das Design ist perfekt f\u00fcr [&hellip;]<\/p>\n","protected":false},"featured_media":542509,"comment_status":"open","ping_status":"closed","template":"","meta":[],"product_brand":[],"product_cat":[457,458,456,459],"product_tag":[],"class_list":{"0":"post-543379","1":"product","2":"type-product","3":"status-publish","4":"has-post-thumbnail","6":"product_cat-badezimmer","7":"product_cat-kuchen","8":"product_cat-vohnzimmer","9":"product_cat-wandfliesen","11":"first","12":"instock","13":"shipping-taxable","14":"purchasable","15":"product-type-simple"},"_links":{"self":[{"href":"https:\/\/tilefly.com\/de\/wp-json\/wp\/v2\/product\/543379","targetHints":{"allow":["GET"]}}],"collection":[{"href":"https:\/\/tilefly.com\/de\/wp-json\/wp\/v2\/product"}],"about":[{"href":"https:\/\/tilefly.com\/de\/wp-json\/wp\/v2\/types\/product"}],"replies":[{"embeddable":true,"href":"https:\/\/tilefly.com\/de\/wp-json\/wp\/v2\/comments?post=543379"}],"wp:featuredmedia":[{"embeddable":true,"href":"https:\/\/tilefly.com\/de\/wp-json\/wp\/v2\/media\/542509"}],"wp:attachment":[{"href":"https:\/\/tilefly.com\/de\/wp-json\/wp\/v2\/media?parent=543379"}],"wp:term":[{"taxonomy":"product_brand","embeddable":true,"href":"https:\/\/tilefly.com\/de\/wp-json\/wp\/v2\/product_brand?post=543379"},{"taxonomy":"product_cat","embeddable":true,"href":"https:\/\/tilefly.com\/de\/wp-json\/wp\/v2\/product_cat?post=543379"},{"taxonomy":"product_tag","embeddable":true,"href":"https:\/\/tilefly.com\/de\/wp-json\/wp\/v2\/product_tag?post=543379"}],"curies":[{"name":"wp","href":"https:\/\/api.w.org\/{rel}","templated":true}]}}