{"id":543376,"date":"2024-11-08T18:03:11","date_gmt":"2024-11-08T17:03:11","guid":{"rendered":"https:\/\/tilefly.com\/producto\/britannic-lava-lapatto-rect-60x120\/"},"modified":"2024-11-10T19:40:31","modified_gmt":"2024-11-10T18:40:31","slug":"britannic-lava-lapatto-rect-60x120","status":"publish","type":"product","link":"https:\/\/tilefly.com\/de\/produkt\/britannic-lava-lapatto-rect-60x120\/","title":{"rendered":"BRITANNIC LAVA LAPATTO RECT 60X120"},"content":{"rendered":"<h2><strong>BRITANNIC LAVA LAPATTO RECT 60X120<\/strong><\/h2><p>In einem tiefen Grauton ist dieser Bodenbelag mit Lapatto-Finish eine elegante und moderne Wahl. Inspiriert von den Effekten verrosteten Metalls, reflektiert seine polierte Oberfl\u00e4che das Licht mit einem subtilen Glanz, der dem Raum Tiefe und Bewegung verleiht. Seine moderne \u00c4sthetik und das gro\u00dfz\u00fcgige Format 60&#215;120 machen ihn zu einem auff\u00e4lligen St\u00fcck f\u00fcr alle, die einen Hauch von industriellem Stil suchen, ohne dabei an Raffinesse zu verlieren.  <\/p>","protected":false},"excerpt":{"rendered":"<p>BRITANNIC LAVA LAPATTO RECT 60X120In einem tiefen Grauton ist dieser Bodenbelag mit Lapatto-Finish eine elegante und moderne Wahl. Inspiriert von den Effekten verrosteten Metalls, reflektiert seine polierte Oberfl\u00e4che das Licht mit einem subtilen Glanz, der dem Raum Tiefe und Bewegung verleiht. Seine moderne \u00c4sthetik und das gro\u00dfz\u00fcgige Format 60&#215;120 machen ihn zu einem auff\u00e4lligen St\u00fcck [&hellip;]<\/p>\n","protected":false},"featured_media":542483,"comment_status":"open","ping_status":"closed","template":"","meta":[],"product_brand":[],"product_cat":[457,458,456,459],"product_tag":[],"class_list":{"0":"post-543376","1":"product","2":"type-product","3":"status-publish","4":"has-post-thumbnail","6":"product_cat-badezimmer","7":"product_cat-kuchen","8":"product_cat-vohnzimmer","9":"product_cat-wandfliesen","11":"first","12":"outofstock","13":"shipping-taxable","14":"purchasable","15":"product-type-simple"},"_links":{"self":[{"href":"https:\/\/tilefly.com\/de\/wp-json\/wp\/v2\/product\/543376","targetHints":{"allow":["GET"]}}],"collection":[{"href":"https:\/\/tilefly.com\/de\/wp-json\/wp\/v2\/product"}],"about":[{"href":"https:\/\/tilefly.com\/de\/wp-json\/wp\/v2\/types\/product"}],"replies":[{"embeddable":true,"href":"https:\/\/tilefly.com\/de\/wp-json\/wp\/v2\/comments?post=543376"}],"wp:featuredmedia":[{"embeddable":true,"href":"https:\/\/tilefly.com\/de\/wp-json\/wp\/v2\/media\/542483"}],"wp:attachment":[{"href":"https:\/\/tilefly.com\/de\/wp-json\/wp\/v2\/media?parent=543376"}],"wp:term":[{"taxonomy":"product_brand","embeddable":true,"href":"https:\/\/tilefly.com\/de\/wp-json\/wp\/v2\/product_brand?post=543376"},{"taxonomy":"product_cat","embeddable":true,"href":"https:\/\/tilefly.com\/de\/wp-json\/wp\/v2\/product_cat?post=543376"},{"taxonomy":"product_tag","embeddable":true,"href":"https:\/\/tilefly.com\/de\/wp-json\/wp\/v2\/product_tag?post=543376"}],"curies":[{"name":"wp","href":"https:\/\/api.w.org\/{rel}","templated":true}]}}