{"id":543371,"date":"2024-11-08T18:03:07","date_gmt":"2024-11-08T17:03:07","guid":{"rendered":"https:\/\/tilefly.com\/producto\/britannic-silver-lapatto-rect-60x120\/"},"modified":"2024-11-10T19:40:26","modified_gmt":"2024-11-10T18:40:26","slug":"britannic-silver-lapatto-rect-60x120","status":"publish","type":"product","link":"https:\/\/tilefly.com\/de\/produkt\/britannic-silver-lapatto-rect-60x120\/","title":{"rendered":"BRITANNIC SILVER LAPATTO RECT 60X120"},"content":{"rendered":"<h2><strong>BRITANNIC SILBER LAPATTO RECT 60X120<\/strong><\/h2><p>Dieses Feinsteinzeug in Silber mit Lapatto-Finish f\u00e4ngt die Essenz von gealterten Metallen mit einem Hauch von Raffinesse ein. Inspiriert von der nat\u00fcrlichen Oxidation der Zeit, verleiht ihr polierter Glanz Leuchtkraft und einen dynamischen Effekt, ideal f\u00fcr moderne R\u00e4ume, die Eleganz und industriellen Stil suchen. Die silberne Farbe eignet sich perfekt, um einzigartige Umgebungen voller Charakter zu schaffen. Sie ist ein vielseitiger Hintergrund, der Licht spendet und das Dekor aufwertet.  <\/p>","protected":false},"excerpt":{"rendered":"<p>BRITANNIC SILBER LAPATTO RECT 60X120Dieses Feinsteinzeug in Silber mit Lapatto-Finish f\u00e4ngt die Essenz von gealterten Metallen mit einem Hauch von Raffinesse ein. Inspiriert von der nat\u00fcrlichen Oxidation der Zeit, verleiht ihr polierter Glanz Leuchtkraft und einen dynamischen Effekt, ideal f\u00fcr moderne R\u00e4ume, die Eleganz und industriellen Stil suchen. Die silberne Farbe eignet sich perfekt, um [&hellip;]<\/p>\n","protected":false},"featured_media":542470,"comment_status":"open","ping_status":"closed","template":"","meta":[],"product_brand":[],"product_cat":[457,458,456,459],"product_tag":[],"class_list":{"0":"post-543371","1":"product","2":"type-product","3":"status-publish","4":"has-post-thumbnail","6":"product_cat-badezimmer","7":"product_cat-kuchen","8":"product_cat-vohnzimmer","9":"product_cat-wandfliesen","11":"first","12":"instock","13":"shipping-taxable","14":"purchasable","15":"product-type-simple"},"_links":{"self":[{"href":"https:\/\/tilefly.com\/de\/wp-json\/wp\/v2\/product\/543371","targetHints":{"allow":["GET"]}}],"collection":[{"href":"https:\/\/tilefly.com\/de\/wp-json\/wp\/v2\/product"}],"about":[{"href":"https:\/\/tilefly.com\/de\/wp-json\/wp\/v2\/types\/product"}],"replies":[{"embeddable":true,"href":"https:\/\/tilefly.com\/de\/wp-json\/wp\/v2\/comments?post=543371"}],"wp:featuredmedia":[{"embeddable":true,"href":"https:\/\/tilefly.com\/de\/wp-json\/wp\/v2\/media\/542470"}],"wp:attachment":[{"href":"https:\/\/tilefly.com\/de\/wp-json\/wp\/v2\/media?parent=543371"}],"wp:term":[{"taxonomy":"product_brand","embeddable":true,"href":"https:\/\/tilefly.com\/de\/wp-json\/wp\/v2\/product_brand?post=543371"},{"taxonomy":"product_cat","embeddable":true,"href":"https:\/\/tilefly.com\/de\/wp-json\/wp\/v2\/product_cat?post=543371"},{"taxonomy":"product_tag","embeddable":true,"href":"https:\/\/tilefly.com\/de\/wp-json\/wp\/v2\/product_tag?post=543371"}],"curies":[{"name":"wp","href":"https:\/\/api.w.org\/{rel}","templated":true}]}}