{"id":543363,"date":"2024-11-08T18:02:54","date_gmt":"2024-11-08T17:02:54","guid":{"rendered":"https:\/\/tilefly.com\/producto\/brianna-acqua-15x15\/"},"modified":"2024-11-10T19:40:14","modified_gmt":"2024-11-10T18:40:14","slug":"brianna-acqua-15x15","status":"publish","type":"product","link":"https:\/\/tilefly.com\/de\/produkt\/brianna-acqua-15x15\/","title":{"rendered":"BRIANNA ACQUA 15X15"},"content":{"rendered":"<h2><strong>BRIANNA ACQUA 15X15<\/strong><\/h2><p>Diese aquafarbene Bodenfliese ist ein frischer und moderner Akzent in der Kollektion der hydraulischen Fliesen. Mit ihrer matten Oberfl\u00e4che, die Zement simuliert, bringt ihre helle Farbe Leuchtkraft und einen Hauch von Gelassenheit in jeden Raum. Sie ist ideal f\u00fcr alle, die eine klare und zeitgen\u00f6ssische \u00c4sthetik suchen. Das Format 15&#215;15 erm\u00f6glicht die Gestaltung individueller Muster und macht sie zu einem vielseitigen St\u00fcck, das den Charme des klassischen Stils mit der Eleganz des modernen Designs verbindet.  <\/p>","protected":false},"excerpt":{"rendered":"<p>BRIANNA ACQUA 15X15Diese aquafarbene Bodenfliese ist ein frischer und moderner Akzent in der Kollektion der hydraulischen Fliesen. Mit ihrer matten Oberfl\u00e4che, die Zement simuliert, bringt ihre helle Farbe Leuchtkraft und einen Hauch von Gelassenheit in jeden Raum. Sie ist ideal f\u00fcr alle, die eine klare und zeitgen\u00f6ssische \u00c4sthetik suchen. Das Format 15&#215;15 erm\u00f6glicht die Gestaltung [&hellip;]<\/p>\n","protected":false},"featured_media":542431,"comment_status":"open","ping_status":"closed","template":"","meta":[],"product_brand":[],"product_cat":[457,458,456,459],"product_tag":[],"class_list":{"0":"post-543363","1":"product","2":"type-product","3":"status-publish","4":"has-post-thumbnail","6":"product_cat-badezimmer","7":"product_cat-kuchen","8":"product_cat-vohnzimmer","9":"product_cat-wandfliesen","11":"first","12":"instock","13":"shipping-taxable","14":"purchasable","15":"product-type-simple"},"_links":{"self":[{"href":"https:\/\/tilefly.com\/de\/wp-json\/wp\/v2\/product\/543363","targetHints":{"allow":["GET"]}}],"collection":[{"href":"https:\/\/tilefly.com\/de\/wp-json\/wp\/v2\/product"}],"about":[{"href":"https:\/\/tilefly.com\/de\/wp-json\/wp\/v2\/types\/product"}],"replies":[{"embeddable":true,"href":"https:\/\/tilefly.com\/de\/wp-json\/wp\/v2\/comments?post=543363"}],"wp:featuredmedia":[{"embeddable":true,"href":"https:\/\/tilefly.com\/de\/wp-json\/wp\/v2\/media\/542431"}],"wp:attachment":[{"href":"https:\/\/tilefly.com\/de\/wp-json\/wp\/v2\/media?parent=543363"}],"wp:term":[{"taxonomy":"product_brand","embeddable":true,"href":"https:\/\/tilefly.com\/de\/wp-json\/wp\/v2\/product_brand?post=543363"},{"taxonomy":"product_cat","embeddable":true,"href":"https:\/\/tilefly.com\/de\/wp-json\/wp\/v2\/product_cat?post=543363"},{"taxonomy":"product_tag","embeddable":true,"href":"https:\/\/tilefly.com\/de\/wp-json\/wp\/v2\/product_tag?post=543363"}],"curies":[{"name":"wp","href":"https:\/\/api.w.org\/{rel}","templated":true}]}}