{"id":543350,"date":"2024-11-08T18:02:48","date_gmt":"2024-11-08T17:02:48","guid":{"rendered":"https:\/\/tilefly.com\/producto\/nora-coal-15x15\/"},"modified":"2024-11-10T19:40:03","modified_gmt":"2024-11-10T18:40:03","slug":"nora-coal-15x15","status":"publish","type":"product","link":"https:\/\/tilefly.com\/de\/produkt\/nora-coal-15x15\/","title":{"rendered":"NORA COAL 15X15"},"content":{"rendered":"<h2><strong>NORA KOHLE 15X15<\/strong><\/h2><p>Die Bodenfliese Nora Coal in einem dunklen Grauton ist ideal f\u00fcr alle, die auf der Suche nach einem eleganten industriellen Stil sind. Mit ihrer matten Oberfl\u00e4che und der Zementoptik verleiht diese 15&#215;15 gro\u00dfe Feinsteinzeugfliese jeder Umgebung Tiefe und Raffinesse. Inspiriert von der klassischen hydraulischen Fliese, aber mit einem modernen Ansatz, eignet sie sich perfekt f\u00fcr die Gestaltung von R\u00e4umen mit Charakter und Pers\u00f6nlichkeit und verleiht ihnen einen Hauch von n\u00fcchterner und zeitloser Eleganz, die sich den aktuellen Trends anpasst.  <\/p>","protected":false},"excerpt":{"rendered":"<p>NORA KOHLE 15X15Die Bodenfliese Nora Coal in einem dunklen Grauton ist ideal f\u00fcr alle, die auf der Suche nach einem eleganten industriellen Stil sind. Mit ihrer matten Oberfl\u00e4che und der Zementoptik verleiht diese 15&#215;15 gro\u00dfe Feinsteinzeugfliese jeder Umgebung Tiefe und Raffinesse. Inspiriert von der klassischen hydraulischen Fliese, aber mit einem modernen Ansatz, eignet sie sich [&hellip;]<\/p>\n","protected":false},"featured_media":542405,"comment_status":"open","ping_status":"closed","template":"","meta":[],"product_brand":[],"product_cat":[457,458,456,459],"product_tag":[],"class_list":{"0":"post-543350","1":"product","2":"type-product","3":"status-publish","4":"has-post-thumbnail","6":"product_cat-badezimmer","7":"product_cat-kuchen","8":"product_cat-vohnzimmer","9":"product_cat-wandfliesen","11":"first","12":"instock","13":"shipping-taxable","14":"purchasable","15":"product-type-simple"},"_links":{"self":[{"href":"https:\/\/tilefly.com\/de\/wp-json\/wp\/v2\/product\/543350","targetHints":{"allow":["GET"]}}],"collection":[{"href":"https:\/\/tilefly.com\/de\/wp-json\/wp\/v2\/product"}],"about":[{"href":"https:\/\/tilefly.com\/de\/wp-json\/wp\/v2\/types\/product"}],"replies":[{"embeddable":true,"href":"https:\/\/tilefly.com\/de\/wp-json\/wp\/v2\/comments?post=543350"}],"wp:featuredmedia":[{"embeddable":true,"href":"https:\/\/tilefly.com\/de\/wp-json\/wp\/v2\/media\/542405"}],"wp:attachment":[{"href":"https:\/\/tilefly.com\/de\/wp-json\/wp\/v2\/media?parent=543350"}],"wp:term":[{"taxonomy":"product_brand","embeddable":true,"href":"https:\/\/tilefly.com\/de\/wp-json\/wp\/v2\/product_brand?post=543350"},{"taxonomy":"product_cat","embeddable":true,"href":"https:\/\/tilefly.com\/de\/wp-json\/wp\/v2\/product_cat?post=543350"},{"taxonomy":"product_tag","embeddable":true,"href":"https:\/\/tilefly.com\/de\/wp-json\/wp\/v2\/product_tag?post=543350"}],"curies":[{"name":"wp","href":"https:\/\/api.w.org\/{rel}","templated":true}]}}