{"id":543258,"date":"2024-11-10T19:16:03","date_gmt":"2024-11-10T18:16:03","guid":{"rendered":"https:\/\/tilefly.com\/producto\/manacor-acqua-118x118\/"},"modified":"2024-11-10T19:36:20","modified_gmt":"2024-11-10T18:36:20","slug":"manacor-acqua-118x118","status":"publish","type":"product","link":"https:\/\/tilefly.com\/de\/produkt\/manacor-acqua-118x118\/","title":{"rendered":"MANACOR ACQUA 11,8X11,8"},"content":{"rendered":"<h2><strong>MANACOR ACQUA 11,8X11,8<\/strong><\/h2><p>Manacor Acqua in aqua ist eine frische und lebendige Option f\u00fcr alle, die Farbe ins Spiel bringen m\u00f6chten, ohne dabei auf Eleganz zu verzichten. Mit ihrem gl\u00e4nzenden Finish und der glatten Oberfl\u00e4che bringt diese 11,8&#215;11,8 cm gro\u00dfe Fliese Helligkeit und einen Hauch von Frische in R\u00e4ume im mediterranen oder modernen Stil. Die sanfte Farbe und die kompakte Gr\u00f6\u00dfe erm\u00f6glichen es Ihnen, originelle Muster zu kreieren, insbesondere in Kombination mit anderen Farben der Serie. Perfekt f\u00fcr B\u00e4der und K\u00fcchen, vermittelt ihr Design Ruhe und Raffinesse.   <\/p>","protected":false},"excerpt":{"rendered":"<p>MANACOR ACQUA 11,8X11,8Manacor Acqua in aqua ist eine frische und lebendige Option f\u00fcr alle, die Farbe ins Spiel bringen m\u00f6chten, ohne dabei auf Eleganz zu verzichten. Mit ihrem gl\u00e4nzenden Finish und der glatten Oberfl\u00e4che bringt diese 11,8&#215;11,8 cm gro\u00dfe Fliese Helligkeit und einen Hauch von Frische in R\u00e4ume im mediterranen oder modernen Stil. Die sanfte [&hellip;]<\/p>\n","protected":false},"featured_media":542881,"comment_status":"open","ping_status":"closed","template":"","meta":[],"product_brand":[],"product_cat":[457,458,459],"product_tag":[],"class_list":{"0":"post-543258","1":"product","2":"type-product","3":"status-publish","4":"has-post-thumbnail","6":"product_cat-badezimmer","7":"product_cat-kuchen","8":"product_cat-wandfliesen","10":"first","11":"instock","12":"shipping-taxable","13":"purchasable","14":"product-type-simple"},"_links":{"self":[{"href":"https:\/\/tilefly.com\/de\/wp-json\/wp\/v2\/product\/543258","targetHints":{"allow":["GET"]}}],"collection":[{"href":"https:\/\/tilefly.com\/de\/wp-json\/wp\/v2\/product"}],"about":[{"href":"https:\/\/tilefly.com\/de\/wp-json\/wp\/v2\/types\/product"}],"replies":[{"embeddable":true,"href":"https:\/\/tilefly.com\/de\/wp-json\/wp\/v2\/comments?post=543258"}],"wp:featuredmedia":[{"embeddable":true,"href":"https:\/\/tilefly.com\/de\/wp-json\/wp\/v2\/media\/542881"}],"wp:attachment":[{"href":"https:\/\/tilefly.com\/de\/wp-json\/wp\/v2\/media?parent=543258"}],"wp:term":[{"taxonomy":"product_brand","embeddable":true,"href":"https:\/\/tilefly.com\/de\/wp-json\/wp\/v2\/product_brand?post=543258"},{"taxonomy":"product_cat","embeddable":true,"href":"https:\/\/tilefly.com\/de\/wp-json\/wp\/v2\/product_cat?post=543258"},{"taxonomy":"product_tag","embeddable":true,"href":"https:\/\/tilefly.com\/de\/wp-json\/wp\/v2\/product_tag?post=543258"}],"curies":[{"name":"wp","href":"https:\/\/api.w.org\/{rel}","templated":true}]}}