{"id":543254,"date":"2024-11-10T19:16:06","date_gmt":"2024-11-10T18:16:06","guid":{"rendered":"https:\/\/tilefly.com\/producto\/manacor-green-118x118\/"},"modified":"2024-11-10T19:36:17","modified_gmt":"2024-11-10T18:36:17","slug":"manacor-green-118x118","status":"publish","type":"product","link":"https:\/\/tilefly.com\/de\/produkt\/manacor-green-118x118\/","title":{"rendered":"MANACOR GREEN 11,8X11,8"},"content":{"rendered":"<h2><strong>MANACOR GR\u00dcN 11,8X11,8<\/strong><\/h2><p>Die Fliese Manacor Green in einem tiefen Gr\u00fcnton ist perfekt f\u00fcr alle, die ihrer Einrichtung einen nat\u00fcrlichen Touch verleihen m\u00f6chten. Ihr gl\u00e4nzendes Finish und die glatte Oberfl\u00e4che fangen die Essenz der traditionellen Keramik ein, w\u00e4hrend die gr\u00fcne Farbe Frische und Vitalit\u00e4t vermittelt. Sie ist ideal f\u00fcr B\u00e4der, K\u00fcchen oder alle R\u00e4ume, die einen einzigartigen Stil suchen. Mit ihrer Gr\u00f6\u00dfe von 11,8&#215;11,8 cm k\u00f6nnen Sie in Kombination mit anderen Farben aus der Manacor-Serie auff\u00e4llige Muster kreieren. Diese Wandfliese ist eine vielseitige Option voller Pers\u00f6nlichkeit.   <\/p>","protected":false},"excerpt":{"rendered":"<p>MANACOR GR\u00dcN 11,8X11,8Die Fliese Manacor Green in einem tiefen Gr\u00fcnton ist perfekt f\u00fcr alle, die ihrer Einrichtung einen nat\u00fcrlichen Touch verleihen m\u00f6chten. Ihr gl\u00e4nzendes Finish und die glatte Oberfl\u00e4che fangen die Essenz der traditionellen Keramik ein, w\u00e4hrend die gr\u00fcne Farbe Frische und Vitalit\u00e4t vermittelt. Sie ist ideal f\u00fcr B\u00e4der, K\u00fcchen oder alle R\u00e4ume, die einen [&hellip;]<\/p>\n","protected":false},"featured_media":542894,"comment_status":"open","ping_status":"closed","template":"","meta":[],"product_brand":[],"product_cat":[457,458,459],"product_tag":[],"class_list":{"0":"post-543254","1":"product","2":"type-product","3":"status-publish","4":"has-post-thumbnail","6":"product_cat-badezimmer","7":"product_cat-kuchen","8":"product_cat-wandfliesen","10":"first","11":"instock","12":"shipping-taxable","13":"purchasable","14":"product-type-simple"},"_links":{"self":[{"href":"https:\/\/tilefly.com\/de\/wp-json\/wp\/v2\/product\/543254","targetHints":{"allow":["GET"]}}],"collection":[{"href":"https:\/\/tilefly.com\/de\/wp-json\/wp\/v2\/product"}],"about":[{"href":"https:\/\/tilefly.com\/de\/wp-json\/wp\/v2\/types\/product"}],"replies":[{"embeddable":true,"href":"https:\/\/tilefly.com\/de\/wp-json\/wp\/v2\/comments?post=543254"}],"wp:featuredmedia":[{"embeddable":true,"href":"https:\/\/tilefly.com\/de\/wp-json\/wp\/v2\/media\/542894"}],"wp:attachment":[{"href":"https:\/\/tilefly.com\/de\/wp-json\/wp\/v2\/media?parent=543254"}],"wp:term":[{"taxonomy":"product_brand","embeddable":true,"href":"https:\/\/tilefly.com\/de\/wp-json\/wp\/v2\/product_brand?post=543254"},{"taxonomy":"product_cat","embeddable":true,"href":"https:\/\/tilefly.com\/de\/wp-json\/wp\/v2\/product_cat?post=543254"},{"taxonomy":"product_tag","embeddable":true,"href":"https:\/\/tilefly.com\/de\/wp-json\/wp\/v2\/product_tag?post=543254"}],"curies":[{"name":"wp","href":"https:\/\/api.w.org\/{rel}","templated":true}]}}