{"id":543244,"date":"2024-11-10T19:15:46","date_gmt":"2024-11-10T18:15:46","guid":{"rendered":"https:\/\/tilefly.com\/producto\/manacor-navy-118x118\/"},"modified":"2024-11-10T19:36:04","modified_gmt":"2024-11-10T18:36:04","slug":"manacor-navy-118x118","status":"publish","type":"product","link":"https:\/\/tilefly.com\/de\/produkt\/manacor-navy-118x118\/","title":{"rendered":"MANACOR NAVY 11,8X11,8"},"content":{"rendered":"<h2><strong>MANACOR NAVY 11,8X11,8<\/strong><\/h2><p>Manacor Navy ist eine marineblaue Fliese mit einer gl\u00e4nzenden Oberfl\u00e4che, die die Eleganz und Tiefe dunkler T\u00f6ne einf\u00e4ngt. Diese 11,8&#215;11,8 cm gro\u00dfe Fliese verleiht jeder Umgebung einen Hauch von Raffinesse, mit einer glatten Oberfl\u00e4che, die an traditionelle Keramik erinnert. Ihre intensive Farbe ist ideal, um Kontraste in neutralen R\u00e4umen zu schaffen oder um B\u00e4dern und K\u00fcchen ein Gef\u00fchl von Gelassenheit und Stil zu verleihen. Perfekt kombinierbar mit anderen Farbt\u00f6nen der Serie Manacor. Die gl\u00e4nzende Oberfl\u00e4che und die Vielseitigkeit der Muster erm\u00f6glichen es Ihnen, einzigartige R\u00e4ume voller Pers\u00f6nlichkeit und Charakter zu gestalten.   <\/p>","protected":false},"excerpt":{"rendered":"<p>MANACOR NAVY 11,8X11,8Manacor Navy ist eine marineblaue Fliese mit einer gl\u00e4nzenden Oberfl\u00e4che, die die Eleganz und Tiefe dunkler T\u00f6ne einf\u00e4ngt. Diese 11,8&#215;11,8 cm gro\u00dfe Fliese verleiht jeder Umgebung einen Hauch von Raffinesse, mit einer glatten Oberfl\u00e4che, die an traditionelle Keramik erinnert. Ihre intensive Farbe ist ideal, um Kontraste in neutralen R\u00e4umen zu schaffen oder um [&hellip;]<\/p>\n","protected":false},"featured_media":542829,"comment_status":"open","ping_status":"closed","template":"","meta":[],"product_brand":[],"product_cat":[457,458,459],"product_tag":[],"class_list":{"0":"post-543244","1":"product","2":"type-product","3":"status-publish","4":"has-post-thumbnail","6":"product_cat-badezimmer","7":"product_cat-kuchen","8":"product_cat-wandfliesen","10":"first","11":"instock","12":"shipping-taxable","13":"purchasable","14":"product-type-simple"},"_links":{"self":[{"href":"https:\/\/tilefly.com\/de\/wp-json\/wp\/v2\/product\/543244","targetHints":{"allow":["GET"]}}],"collection":[{"href":"https:\/\/tilefly.com\/de\/wp-json\/wp\/v2\/product"}],"about":[{"href":"https:\/\/tilefly.com\/de\/wp-json\/wp\/v2\/types\/product"}],"replies":[{"embeddable":true,"href":"https:\/\/tilefly.com\/de\/wp-json\/wp\/v2\/comments?post=543244"}],"wp:featuredmedia":[{"embeddable":true,"href":"https:\/\/tilefly.com\/de\/wp-json\/wp\/v2\/media\/542829"}],"wp:attachment":[{"href":"https:\/\/tilefly.com\/de\/wp-json\/wp\/v2\/media?parent=543244"}],"wp:term":[{"taxonomy":"product_brand","embeddable":true,"href":"https:\/\/tilefly.com\/de\/wp-json\/wp\/v2\/product_brand?post=543244"},{"taxonomy":"product_cat","embeddable":true,"href":"https:\/\/tilefly.com\/de\/wp-json\/wp\/v2\/product_cat?post=543244"},{"taxonomy":"product_tag","embeddable":true,"href":"https:\/\/tilefly.com\/de\/wp-json\/wp\/v2\/product_tag?post=543244"}],"curies":[{"name":"wp","href":"https:\/\/api.w.org\/{rel}","templated":true}]}}