{"id":543231,"date":"2024-11-10T19:15:30","date_gmt":"2024-11-10T18:15:30","guid":{"rendered":"https:\/\/tilefly.com\/producto\/hexa-magnetism-corten-139x16\/"},"modified":"2024-11-10T19:35:53","modified_gmt":"2024-11-10T18:35:53","slug":"hexa-magnetism-corten-139x16","status":"publish","type":"product","link":"https:\/\/tilefly.com\/de\/produkt\/hexa-magnetism-corten-139x16\/","title":{"rendered":"HEXA MAGNETISM CORTEN 13,9X16"},"content":{"rendered":"<h2><strong>HEXA MAGNETISMUS CORTEN 13,9X16<\/strong><\/h2><p>Dieser cortenbraune Bodenbelag bietet einen robusten und anspruchsvollen Look. Seine metallische und rutschfeste Oberfl\u00e4che macht ihn ideal f\u00fcr rustikale und moderne R\u00e4ume, die einen industriellen Touch haben. Die sechseckige Form und die warme Farbe schaffen eine gem\u00fctliche und stilvolle Atmosph\u00e4re. Perfekt f\u00fcr alle, die sich eine Dekoration w\u00fcnschen, die von nat\u00fcrlichen und gealterten Materialien mit einer modernen \u00c4sthetik inspiriert ist.  <\/p>","protected":false},"excerpt":{"rendered":"<p>HEXA MAGNETISMUS CORTEN 13,9X16Dieser cortenbraune Bodenbelag bietet einen robusten und anspruchsvollen Look. Seine metallische und rutschfeste Oberfl\u00e4che macht ihn ideal f\u00fcr rustikale und moderne R\u00e4ume, die einen industriellen Touch haben. Die sechseckige Form und die warme Farbe schaffen eine gem\u00fctliche und stilvolle Atmosph\u00e4re. Perfekt f\u00fcr alle, die sich eine Dekoration w\u00fcnschen, die von nat\u00fcrlichen und [&hellip;]<\/p>\n","protected":false},"featured_media":542777,"comment_status":"open","ping_status":"closed","template":"","meta":[],"product_brand":[],"product_cat":[457,458,456,459],"product_tag":[],"class_list":{"0":"post-543231","1":"product","2":"type-product","3":"status-publish","4":"has-post-thumbnail","6":"product_cat-badezimmer","7":"product_cat-kuchen","8":"product_cat-vohnzimmer","9":"product_cat-wandfliesen","11":"first","12":"instock","13":"shipping-taxable","14":"purchasable","15":"product-type-simple"},"_links":{"self":[{"href":"https:\/\/tilefly.com\/de\/wp-json\/wp\/v2\/product\/543231","targetHints":{"allow":["GET"]}}],"collection":[{"href":"https:\/\/tilefly.com\/de\/wp-json\/wp\/v2\/product"}],"about":[{"href":"https:\/\/tilefly.com\/de\/wp-json\/wp\/v2\/types\/product"}],"replies":[{"embeddable":true,"href":"https:\/\/tilefly.com\/de\/wp-json\/wp\/v2\/comments?post=543231"}],"wp:featuredmedia":[{"embeddable":true,"href":"https:\/\/tilefly.com\/de\/wp-json\/wp\/v2\/media\/542777"}],"wp:attachment":[{"href":"https:\/\/tilefly.com\/de\/wp-json\/wp\/v2\/media?parent=543231"}],"wp:term":[{"taxonomy":"product_brand","embeddable":true,"href":"https:\/\/tilefly.com\/de\/wp-json\/wp\/v2\/product_brand?post=543231"},{"taxonomy":"product_cat","embeddable":true,"href":"https:\/\/tilefly.com\/de\/wp-json\/wp\/v2\/product_cat?post=543231"},{"taxonomy":"product_tag","embeddable":true,"href":"https:\/\/tilefly.com\/de\/wp-json\/wp\/v2\/product_tag?post=543231"}],"curies":[{"name":"wp","href":"https:\/\/api.w.org\/{rel}","templated":true}]}}