{"id":543228,"date":"2024-11-10T19:15:23","date_gmt":"2024-11-10T18:15:23","guid":{"rendered":"https:\/\/tilefly.com\/producto\/hexa-magnetism-white-139x16\/"},"modified":"2024-11-10T19:35:50","modified_gmt":"2024-11-10T18:35:50","slug":"hexa-magnetism-white-139x16","status":"publish","type":"product","link":"https:\/\/tilefly.com\/de\/produkt\/hexa-magnetism-white-139x16\/","title":{"rendered":"HEXA MAGNETISM WHITE 13,9X16"},"content":{"rendered":"<h2><strong>HEXA MAGNETISMUS WEISS 13,9X16<\/strong><\/h2><p>Dieser mattwei\u00dfe sechseckige Bodenbelag kombiniert die Raffinesse des Metallic-Effekts mit einer rutschfesten Oberfl\u00e4che, ideal f\u00fcr stark frequentierte Bereiche. Sein geometrisches Design und das Metallic-Finish sorgen f\u00fcr Leuchtkraft und Modernit\u00e4t und schaffen eine attraktive und sichere Umgebung. Das sechseckige Format ist vom industriellen Stil inspiriert und macht ihn zu einer vielseitigen und eleganten Option f\u00fcr jedes dekorative Projekt.  <\/p>","protected":false},"excerpt":{"rendered":"<p>HEXA MAGNETISMUS WEISS 13,9X16Dieser mattwei\u00dfe sechseckige Bodenbelag kombiniert die Raffinesse des Metallic-Effekts mit einer rutschfesten Oberfl\u00e4che, ideal f\u00fcr stark frequentierte Bereiche. Sein geometrisches Design und das Metallic-Finish sorgen f\u00fcr Leuchtkraft und Modernit\u00e4t und schaffen eine attraktive und sichere Umgebung. Das sechseckige Format ist vom industriellen Stil inspiriert und macht ihn zu einer vielseitigen und eleganten [&hellip;]<\/p>\n","protected":false},"featured_media":542751,"comment_status":"open","ping_status":"closed","template":"","meta":[],"product_brand":[],"product_cat":[457,458,456,459],"product_tag":[],"class_list":{"0":"post-543228","1":"product","2":"type-product","3":"status-publish","4":"has-post-thumbnail","6":"product_cat-badezimmer","7":"product_cat-kuchen","8":"product_cat-vohnzimmer","9":"product_cat-wandfliesen","11":"first","12":"instock","13":"shipping-taxable","14":"purchasable","15":"product-type-simple"},"_links":{"self":[{"href":"https:\/\/tilefly.com\/de\/wp-json\/wp\/v2\/product\/543228","targetHints":{"allow":["GET"]}}],"collection":[{"href":"https:\/\/tilefly.com\/de\/wp-json\/wp\/v2\/product"}],"about":[{"href":"https:\/\/tilefly.com\/de\/wp-json\/wp\/v2\/types\/product"}],"replies":[{"embeddable":true,"href":"https:\/\/tilefly.com\/de\/wp-json\/wp\/v2\/comments?post=543228"}],"wp:featuredmedia":[{"embeddable":true,"href":"https:\/\/tilefly.com\/de\/wp-json\/wp\/v2\/media\/542751"}],"wp:attachment":[{"href":"https:\/\/tilefly.com\/de\/wp-json\/wp\/v2\/media?parent=543228"}],"wp:term":[{"taxonomy":"product_brand","embeddable":true,"href":"https:\/\/tilefly.com\/de\/wp-json\/wp\/v2\/product_brand?post=543228"},{"taxonomy":"product_cat","embeddable":true,"href":"https:\/\/tilefly.com\/de\/wp-json\/wp\/v2\/product_cat?post=543228"},{"taxonomy":"product_tag","embeddable":true,"href":"https:\/\/tilefly.com\/de\/wp-json\/wp\/v2\/product_tag?post=543228"}],"curies":[{"name":"wp","href":"https:\/\/api.w.org\/{rel}","templated":true}]}}