{"id":543224,"date":"2024-11-10T19:15:26","date_gmt":"2024-11-10T18:15:26","guid":{"rendered":"https:\/\/tilefly.com\/producto\/hexa-magnetism-graphite-139x16\/"},"modified":"2024-11-10T19:35:48","modified_gmt":"2024-11-10T18:35:48","slug":"hexa-magnetism-graphite-139x16","status":"publish","type":"product","link":"https:\/\/tilefly.com\/de\/produkt\/hexa-magnetism-graphite-139x16\/","title":{"rendered":"HEXA MAGNETISM GRAPHITE 13,9X16"},"content":{"rendered":"<h2><strong>HEXA MAGNETISMUS GRAPHIT 13,9X16<\/strong><\/h2><p>Dieser sechseckige Bodenbelag in einem tiefen Graphit-Ton f\u00e4ngt die Essenz des industriellen Stils mit einem modernen Twist ein. Sein mattes Metallic-Finish und die rutschfeste Oberfl\u00e4che machen ihn perfekt f\u00fcr R\u00e4ume, in denen Sicherheit gefragt ist, ohne auf Stil zu verzichten. Sein geometrisches Design verleiht ihm Dynamik und Eleganz und ist ideal f\u00fcr die Gestaltung von R\u00e4umen mit gro\u00dfem Charakter und einer urbanen und anspruchsvollen \u00c4sthetik.  <\/p>","protected":false},"excerpt":{"rendered":"<p>HEXA MAGNETISMUS GRAPHIT 13,9X16Dieser sechseckige Bodenbelag in einem tiefen Graphit-Ton f\u00e4ngt die Essenz des industriellen Stils mit einem modernen Twist ein. Sein mattes Metallic-Finish und die rutschfeste Oberfl\u00e4che machen ihn perfekt f\u00fcr R\u00e4ume, in denen Sicherheit gefragt ist, ohne auf Stil zu verzichten. Sein geometrisches Design verleiht ihm Dynamik und Eleganz und ist ideal f\u00fcr [&hellip;]<\/p>\n","protected":false},"featured_media":542764,"comment_status":"open","ping_status":"closed","template":"","meta":[],"product_brand":[],"product_cat":[457,458,456,459],"product_tag":[],"class_list":{"0":"post-543224","1":"product","2":"type-product","3":"status-publish","4":"has-post-thumbnail","6":"product_cat-badezimmer","7":"product_cat-kuchen","8":"product_cat-vohnzimmer","9":"product_cat-wandfliesen","11":"first","12":"instock","13":"shipping-taxable","14":"purchasable","15":"product-type-simple"},"_links":{"self":[{"href":"https:\/\/tilefly.com\/de\/wp-json\/wp\/v2\/product\/543224","targetHints":{"allow":["GET"]}}],"collection":[{"href":"https:\/\/tilefly.com\/de\/wp-json\/wp\/v2\/product"}],"about":[{"href":"https:\/\/tilefly.com\/de\/wp-json\/wp\/v2\/types\/product"}],"replies":[{"embeddable":true,"href":"https:\/\/tilefly.com\/de\/wp-json\/wp\/v2\/comments?post=543224"}],"wp:featuredmedia":[{"embeddable":true,"href":"https:\/\/tilefly.com\/de\/wp-json\/wp\/v2\/media\/542764"}],"wp:attachment":[{"href":"https:\/\/tilefly.com\/de\/wp-json\/wp\/v2\/media?parent=543224"}],"wp:term":[{"taxonomy":"product_brand","embeddable":true,"href":"https:\/\/tilefly.com\/de\/wp-json\/wp\/v2\/product_brand?post=543224"},{"taxonomy":"product_cat","embeddable":true,"href":"https:\/\/tilefly.com\/de\/wp-json\/wp\/v2\/product_cat?post=543224"},{"taxonomy":"product_tag","embeddable":true,"href":"https:\/\/tilefly.com\/de\/wp-json\/wp\/v2\/product_tag?post=543224"}],"curies":[{"name":"wp","href":"https:\/\/api.w.org\/{rel}","templated":true}]}}