{"id":542968,"date":"2024-11-10T19:16:26","date_gmt":"2024-11-10T18:16:26","guid":{"rendered":"https:\/\/tilefly.com\/producto\/drach-navy-118x118\/"},"modified":"2025-10-29T09:24:17","modified_gmt":"2025-10-29T08:24:17","slug":"drach-navy-118x118","status":"publish","type":"product","link":"https:\/\/tilefly.com\/de\/produkt\/drach-navy-118x118\/","title":{"rendered":"DRACH NAVY 11,8X11,8"},"content":{"rendered":"<h2><strong>DRACH NAVY 11,8X11,8<\/strong><\/h2><p>Drach Navy es una baldosa en tono azul marino con un relieve circular que a\u00f1ade dinamismo y car\u00e1cter al dise\u00f1o. Su acabado brillante aporta un toque de elegancia, reflejando la luz de forma tenue. Ideal para quienes buscan un estilo moderno con un toque cl\u00e1sico, esta pieza de 11,8&#215;11,8 cm es perfecta para a\u00f1adir profundidad y sofisticaci\u00f3n en ba\u00f1os y cocinas.<\/p>","protected":false},"excerpt":{"rendered":"<p>DRACH NAVY 11,8X11,8Drach Navy es una baldosa en tono azul marino con un relieve circular que a\u00f1ade dinamismo y car\u00e1cter al dise\u00f1o. Su acabado brillante aporta un toque de elegancia, reflejando la luz de forma tenue. Ideal para quienes buscan un estilo moderno con un toque cl\u00e1sico, esta pieza de 11,8&#215;11,8 cm es perfecta para [&hellip;]<\/p>\n","protected":false},"featured_media":542956,"comment_status":"open","ping_status":"closed","template":"","meta":[],"product_brand":[],"product_cat":[305,306,304],"product_tag":[],"class_list":{"0":"post-542968","1":"product","2":"type-product","3":"status-publish","4":"has-post-thumbnail","6":"product_cat-banos","7":"product_cat-cocina","8":"product_cat-revestimiento","10":"first","11":"instock","12":"shipping-taxable","13":"purchasable","14":"product-type-simple"},"_links":{"self":[{"href":"https:\/\/tilefly.com\/de\/wp-json\/wp\/v2\/product\/542968","targetHints":{"allow":["GET"]}}],"collection":[{"href":"https:\/\/tilefly.com\/de\/wp-json\/wp\/v2\/product"}],"about":[{"href":"https:\/\/tilefly.com\/de\/wp-json\/wp\/v2\/types\/product"}],"replies":[{"embeddable":true,"href":"https:\/\/tilefly.com\/de\/wp-json\/wp\/v2\/comments?post=542968"}],"wp:featuredmedia":[{"embeddable":true,"href":"https:\/\/tilefly.com\/de\/wp-json\/wp\/v2\/media\/542956"}],"wp:attachment":[{"href":"https:\/\/tilefly.com\/de\/wp-json\/wp\/v2\/media?parent=542968"}],"wp:term":[{"taxonomy":"product_brand","embeddable":true,"href":"https:\/\/tilefly.com\/de\/wp-json\/wp\/v2\/product_brand?post=542968"},{"taxonomy":"product_cat","embeddable":true,"href":"https:\/\/tilefly.com\/de\/wp-json\/wp\/v2\/product_cat?post=542968"},{"taxonomy":"product_tag","embeddable":true,"href":"https:\/\/tilefly.com\/de\/wp-json\/wp\/v2\/product_tag?post=542968"}],"curies":[{"name":"wp","href":"https:\/\/api.w.org\/{rel}","templated":true}]}}