{"id":540960,"date":"2024-11-08T14:20:28","date_gmt":"2024-11-08T13:20:30","guid":{"rendered":"https:\/\/tilefly.com\/?post_type=product&#038;p=540960"},"modified":"2025-02-19T01:39:00","modified_gmt":"2025-02-19T00:39:00","slug":"colorful","status":"publish","type":"product","link":"https:\/\/tilefly.com\/de\/produkt\/colorful\/","title":{"rendered":"COLORFUL"},"content":{"rendered":"<h2>Bunte Serie<br \/><\/h2><p>Colorful ist Positivit\u00e4t, Freude und Abwechslung in einer Kollektion. Die breite Farbpalette aus hellen und modernen T\u00f6nen hilft, die Monotonie zu durchbrechen und zu zeigen, dass einfarbige W\u00e4nde nicht langweilig sind. Die Dekore der Serie erinnern an Tapeten und erkunden ein sehr interessantes Lichtspiel in ihren Ausf\u00fchrungen. Colorful beweist mit seinen klassischen und modernen Drucken seine Vielseitigkeit. Die floralen Designs sind von der Natur inspiriert und unterscheiden sich stark voneinander, haben aber eines gemeinsam: Sie sind in der Lage, jeden Raum mit Leben zu f\u00fcllen.<\/p>","protected":false},"excerpt":{"rendered":"<p>Bunte SerieColorful ist Positivit\u00e4t, Freude und Abwechslung in einer Kollektion. Die breite Farbpalette aus hellen und modernen T\u00f6nen hilft, die Monotonie zu durchbrechen und zu zeigen, dass einfarbige W\u00e4nde nicht langweilig sind. Die Dekore der Serie erinnern an Tapeten und erkunden ein sehr interessantes Lichtspiel in ihren Ausf\u00fchrungen. Colorful beweist mit seinen klassischen und modernen [&hellip;]<\/p>\n","protected":false},"featured_media":540887,"comment_status":"closed","ping_status":"closed","template":"","meta":[],"product_brand":[],"product_cat":[457,458,459],"product_tag":[],"class_list":{"0":"post-540960","1":"product","2":"type-product","3":"status-publish","4":"has-post-thumbnail","6":"product_cat-badezimmer","7":"product_cat-kuchen","8":"product_cat-wandfliesen","10":"first","11":"instock","12":"shipping-taxable","13":"product-type-grouped"},"_links":{"self":[{"href":"https:\/\/tilefly.com\/de\/wp-json\/wp\/v2\/product\/540960","targetHints":{"allow":["GET"]}}],"collection":[{"href":"https:\/\/tilefly.com\/de\/wp-json\/wp\/v2\/product"}],"about":[{"href":"https:\/\/tilefly.com\/de\/wp-json\/wp\/v2\/types\/product"}],"replies":[{"embeddable":true,"href":"https:\/\/tilefly.com\/de\/wp-json\/wp\/v2\/comments?post=540960"}],"wp:featuredmedia":[{"embeddable":true,"href":"https:\/\/tilefly.com\/de\/wp-json\/wp\/v2\/media\/540887"}],"wp:attachment":[{"href":"https:\/\/tilefly.com\/de\/wp-json\/wp\/v2\/media?parent=540960"}],"wp:term":[{"taxonomy":"product_brand","embeddable":true,"href":"https:\/\/tilefly.com\/de\/wp-json\/wp\/v2\/product_brand?post=540960"},{"taxonomy":"product_cat","embeddable":true,"href":"https:\/\/tilefly.com\/de\/wp-json\/wp\/v2\/product_cat?post=540960"},{"taxonomy":"product_tag","embeddable":true,"href":"https:\/\/tilefly.com\/de\/wp-json\/wp\/v2\/product_tag?post=540960"}],"curies":[{"name":"wp","href":"https:\/\/api.w.org\/{rel}","templated":true}]}}