{"id":540729,"date":"2024-11-07T03:43:58","date_gmt":"2024-11-07T02:44:00","guid":{"rendered":"https:\/\/tilefly.com\/?post_type=product&#038;p=540729"},"modified":"2025-02-19T01:10:19","modified_gmt":"2025-02-19T00:10:19","slug":"contemporary","status":"publish","type":"product","link":"https:\/\/tilefly.com\/de\/produkt\/contemporary\/","title":{"rendered":"CONTEMPORARY"},"content":{"rendered":"<p>Contemporary wurde geschaffen, um Konventionen und Traditionen in Frage zu stellen und die Grundregeln der Innenarchitektur neu zu interpretieren. Diese k\u00fchne und unbeschwerte Kollektion von Feinsteinzeug eignet sich perfekt f\u00fcr die Kombination mit jeder Kollektion der APE Group. Contemporary l\u00e4sst sich flexibel und mit \u00fcberraschenden Ergebnissen mit anderen Produkten kombinieren. Das kleine Format und die Farbpalette lassen unser kreatives Konzept &#8216;The Perfect Mix&#8217; Wirklichkeit werden.   <\/p>","protected":false},"excerpt":{"rendered":"<p>Contemporary wurde geschaffen, um Konventionen und Traditionen in Frage zu stellen und die Grundregeln der Innenarchitektur neu zu interpretieren. Diese k\u00fchne und unbeschwerte Kollektion von Feinsteinzeug eignet sich perfekt f\u00fcr die Kombination mit jeder Kollektion der APE Group. Contemporary l\u00e4sst sich flexibel und mit \u00fcberraschenden Ergebnissen mit anderen Produkten kombinieren. Das kleine Format und die [&hellip;]<\/p>\n","protected":false},"featured_media":540681,"comment_status":"closed","ping_status":"closed","template":"","meta":[],"product_brand":[],"product_cat":[457,460,458,456,459],"product_tag":[],"class_list":{"0":"post-540729","1":"product","2":"type-product","3":"status-publish","4":"has-post-thumbnail","6":"product_cat-badezimmer","7":"product_cat-bodenfliesen","8":"product_cat-kuchen","9":"product_cat-vohnzimmer","10":"product_cat-wandfliesen","12":"first","13":"instock","14":"shipping-taxable","15":"product-type-grouped"},"_links":{"self":[{"href":"https:\/\/tilefly.com\/de\/wp-json\/wp\/v2\/product\/540729","targetHints":{"allow":["GET"]}}],"collection":[{"href":"https:\/\/tilefly.com\/de\/wp-json\/wp\/v2\/product"}],"about":[{"href":"https:\/\/tilefly.com\/de\/wp-json\/wp\/v2\/types\/product"}],"replies":[{"embeddable":true,"href":"https:\/\/tilefly.com\/de\/wp-json\/wp\/v2\/comments?post=540729"}],"wp:featuredmedia":[{"embeddable":true,"href":"https:\/\/tilefly.com\/de\/wp-json\/wp\/v2\/media\/540681"}],"wp:attachment":[{"href":"https:\/\/tilefly.com\/de\/wp-json\/wp\/v2\/media?parent=540729"}],"wp:term":[{"taxonomy":"product_brand","embeddable":true,"href":"https:\/\/tilefly.com\/de\/wp-json\/wp\/v2\/product_brand?post=540729"},{"taxonomy":"product_cat","embeddable":true,"href":"https:\/\/tilefly.com\/de\/wp-json\/wp\/v2\/product_cat?post=540729"},{"taxonomy":"product_tag","embeddable":true,"href":"https:\/\/tilefly.com\/de\/wp-json\/wp\/v2\/product_tag?post=540729"}],"curies":[{"name":"wp","href":"https:\/\/api.w.org\/{rel}","templated":true}]}}