{"id":539946,"date":"2019-09-13T13:17:30","date_gmt":"2024-10-23T23:13:43","guid":{"rendered":"https:\/\/tilefly.com\/producto\/423-azmr-borde-ang-ext-dots-azul-marino-12x12\/"},"modified":"2024-10-24T01:13:43","modified_gmt":"2024-10-23T23:13:43","slug":"423-azmr-borde-ang-ext-dots-azul-marino-12x12","status":"publish","type":"product","link":"https:\/\/tilefly.com\/de\/produkt\/423-azmr-borde-ang-ext-dots-azul-marino-12x12\/","title":{"rendered":"423-AZMR BORDE ANG EXT DOTS AZUL MARINO 12X12"},"content":{"rendered":"<h1><strong>Klinker Tile 423-AZMR BORDER ANG EXT DOTS NAVY BLUE 12X12<\/strong><\/h1><p>Diese Klinkerfliese im Format 12X12 cm, matte Oberfl\u00e4che und Farbe Blau ist perfekt f\u00fcr Ihr Zuhause. Ihr Herstellungsmaterial ist Klinker. <\/p><p>Besondere Merkmale: Rutschfest, Dekoriert, Schwimmb\u00e4der<\/p>","protected":false},"excerpt":{"rendered":"<p>Klinker Tile 423-AZMR BORDER ANG EXT DOTS NAVY BLUE 12X12Diese Klinkerfliese im Format 12X12 cm, matte Oberfl\u00e4che und Farbe Blau ist perfekt f\u00fcr Ihr Zuhause. Ihr Herstellungsmaterial ist Klinker. Besondere Merkmale: Rutschfest, Dekoriert, Schwimmb\u00e4der<\/p>\n","protected":false},"featured_media":539947,"comment_status":"closed","ping_status":"closed","template":"","meta":[],"product_brand":[],"product_cat":[459],"product_tag":[],"class_list":{"0":"post-539946","1":"product","2":"type-product","3":"status-publish","4":"has-post-thumbnail","6":"product_cat-wandfliesen","8":"first","9":"outofstock","10":"shipping-taxable","11":"purchasable","12":"product-type-simple"},"_links":{"self":[{"href":"https:\/\/tilefly.com\/de\/wp-json\/wp\/v2\/product\/539946","targetHints":{"allow":["GET"]}}],"collection":[{"href":"https:\/\/tilefly.com\/de\/wp-json\/wp\/v2\/product"}],"about":[{"href":"https:\/\/tilefly.com\/de\/wp-json\/wp\/v2\/types\/product"}],"replies":[{"embeddable":true,"href":"https:\/\/tilefly.com\/de\/wp-json\/wp\/v2\/comments?post=539946"}],"wp:featuredmedia":[{"embeddable":true,"href":"https:\/\/tilefly.com\/de\/wp-json\/wp\/v2\/media\/539947"}],"wp:attachment":[{"href":"https:\/\/tilefly.com\/de\/wp-json\/wp\/v2\/media?parent=539946"}],"wp:term":[{"taxonomy":"product_brand","embeddable":true,"href":"https:\/\/tilefly.com\/de\/wp-json\/wp\/v2\/product_brand?post=539946"},{"taxonomy":"product_cat","embeddable":true,"href":"https:\/\/tilefly.com\/de\/wp-json\/wp\/v2\/product_cat?post=539946"},{"taxonomy":"product_tag","embeddable":true,"href":"https:\/\/tilefly.com\/de\/wp-json\/wp\/v2\/product_tag?post=539946"}],"curies":[{"name":"wp","href":"https:\/\/api.w.org\/{rel}","templated":true}]}}