{"id":539696,"date":"2023-03-20T11:49:01","date_gmt":"2023-03-20T10:49:01","guid":{"rendered":"https:\/\/tilefly.com\/producto\/milos-20x20\/"},"modified":"2024-10-24T01:04:19","modified_gmt":"2024-10-23T23:04:19","slug":"milos-20x20","status":"publish","type":"product","link":"https:\/\/tilefly.com\/de\/produkt\/milos-20x20\/","title":{"rendered":"MILOS 20X20"},"content":{"rendered":"<h2>Moderne, hydraulisch inspirierte Fliese in 20&#215;20 cm mit einem klassischen, aber renovierten Muster in Aquamarin-, Wei\u00df- und Schwarzt\u00f6nen.<\/h2><p>Mit dem Licht und der Frische der griechischen Inseln aktualisiert DORIA Retro-Designs und bringt neue Formen und Farben, die die Energie des Raumes verst\u00e4rken. DORIA ist ein Dialog aus kr\u00e4ftigen und lebhaften T\u00f6nen, bei dem Senf, Aquamarin und Marineblau auf einem strahlend wei\u00dfen Hintergrund spielen, der mit einem Hauch von Grau und Schwarz versehen ist. Ein Vorschlag mit viel Kraft, der Ihren neuen Raum mit Leben f\u00fcllen wird.  <\/p><ul><li>Boden und Wand<\/li><li>Innen und au\u00dfen<\/li><li>Glatt und rutschfest<\/li><\/ul>","protected":false},"excerpt":{"rendered":"<p>Moderne, hydraulisch inspirierte Fliese in 20&#215;20 cm mit einem klassischen, aber renovierten Muster in Aquamarin-, Wei\u00df- und Schwarzt\u00f6nen.Mit dem Licht und der Frische der griechischen Inseln aktualisiert DORIA Retro-Designs und bringt neue Formen und Farben, die die Energie des Raumes verst\u00e4rken. DORIA ist ein Dialog aus kr\u00e4ftigen und lebhaften T\u00f6nen, bei dem Senf, Aquamarin und [&hellip;]<\/p>\n","protected":false},"featured_media":523072,"comment_status":"closed","ping_status":"closed","template":"","meta":[],"product_brand":[],"product_cat":[457,460,458,456,459],"product_tag":[],"class_list":{"0":"post-539696","1":"product","2":"type-product","3":"status-publish","4":"has-post-thumbnail","6":"product_cat-badezimmer","7":"product_cat-bodenfliesen","8":"product_cat-kuchen","9":"product_cat-vohnzimmer","10":"product_cat-wandfliesen","12":"first","13":"outofstock","14":"shipping-taxable","15":"purchasable","16":"product-type-simple"},"_links":{"self":[{"href":"https:\/\/tilefly.com\/de\/wp-json\/wp\/v2\/product\/539696","targetHints":{"allow":["GET"]}}],"collection":[{"href":"https:\/\/tilefly.com\/de\/wp-json\/wp\/v2\/product"}],"about":[{"href":"https:\/\/tilefly.com\/de\/wp-json\/wp\/v2\/types\/product"}],"replies":[{"embeddable":true,"href":"https:\/\/tilefly.com\/de\/wp-json\/wp\/v2\/comments?post=539696"}],"wp:featuredmedia":[{"embeddable":true,"href":"https:\/\/tilefly.com\/de\/wp-json\/wp\/v2\/media\/523072"}],"wp:attachment":[{"href":"https:\/\/tilefly.com\/de\/wp-json\/wp\/v2\/media?parent=539696"}],"wp:term":[{"taxonomy":"product_brand","embeddable":true,"href":"https:\/\/tilefly.com\/de\/wp-json\/wp\/v2\/product_brand?post=539696"},{"taxonomy":"product_cat","embeddable":true,"href":"https:\/\/tilefly.com\/de\/wp-json\/wp\/v2\/product_cat?post=539696"},{"taxonomy":"product_tag","embeddable":true,"href":"https:\/\/tilefly.com\/de\/wp-json\/wp\/v2\/product_tag?post=539696"}],"curies":[{"name":"wp","href":"https:\/\/api.w.org\/{rel}","templated":true}]}}